{"id":3878,"date":"2023-05-31T11:34:38","date_gmt":"2023-05-31T11:34:38","guid":{"rendered":"https:\/\/quintadobomdespacho.com\/sustentabilidade\/"},"modified":"2024-09-25T15:37:15","modified_gmt":"2024-09-25T15:37:15","slug":"sustentabilidade","status":"publish","type":"page","link":"https:\/\/quintadobomdespacho.com\/fr\/sustentabilidade\/","title":{"rendered":"Durabilit\u00e9"},"content":{"rendered":"<p style=\"text-align: center;\">Notre d\u00e9finition de la <strong>durabilit\u00e9<\/strong> va au-del\u00e0 de la garantie de nos besoins et de ceux des g\u00e9n\u00e9rations futures : elle se concentre sur la <strong>r\u00e9g\u00e9n\u00e9ration<\/strong> et la <strong>complexit\u00e9<\/strong> des relations.<\/p>\n<p style=\"text-align: center;\">L&rsquo;acronyme <strong>ESG<\/strong> (environnemental, social et de gouvernance) permet de simplifier les choses:<\/p>\n","protected":false},"excerpt":{"rendered":"<p>Notre d\u00e9finition de la durabilit\u00e9 va au-del\u00e0 de la garantie de nos besoins et de ceux des g\u00e9n\u00e9rations futures : elle se concentre sur la r\u00e9g\u00e9n\u00e9ration et la complexit\u00e9 des relations. L&rsquo;acronyme ESG (environnemental, social et de gouvernance) permet de simplifier les choses:<\/p>\n","protected":false},"author":1,"featured_media":0,"parent":0,"menu_order":0,"comment_status":"closed","ping_status":"closed","template":"template-sustentabilidade.php","meta":{"footnotes":""},"class_list":["post-3878","page","type-page","status-publish","hentry"],"acf":[],"yoast_head":"<!-- This site is optimized with the Yoast SEO plugin v27.1.1 - https:\/\/yoast.com\/product\/yoast-seo-wordpress\/ -->\n<title>Sustentabilidade - Quinta do Bom Despacho<\/title>\n<meta name=\"description\" content=\"Na Quinta do Bom Despacho a defini\u00e7\u00e3o de sustentabilidade foca-se na regenera\u00e7\u00e3o e na complexidade das rela\u00e7\u00f5es. Saiba mais aqui.\" \/>\n<meta name=\"robots\" content=\"index, follow, max-snippet:-1, max-image-preview:large, max-video-preview:-1\" \/>\n<link rel=\"canonical\" href=\"https:\/\/quintadobomdespacho.com\/fr\/sustentabilidade\/\" \/>\n<meta property=\"og:locale\" content=\"fr_FR\" \/>\n<meta property=\"og:type\" content=\"article\" \/>\n<meta property=\"og:title\" content=\"Sustentabilidade - Quinta do Bom Despacho\" \/>\n<meta property=\"og:description\" content=\"Na Quinta do Bom Despacho a defini\u00e7\u00e3o de sustentabilidade foca-se na regenera\u00e7\u00e3o e na complexidade das rela\u00e7\u00f5es. Saiba mais aqui.\" \/>\n<meta property=\"og:url\" content=\"https:\/\/quintadobomdespacho.com\/fr\/sustentabilidade\/\" \/>\n<meta property=\"og:site_name\" content=\"Quinta do Bom Despacho\" \/>\n<meta property=\"article:modified_time\" content=\"2024-09-25T15:37:15+00:00\" \/>\n<meta name=\"twitter:card\" content=\"summary_large_image\" \/>\n<meta name=\"twitter:label1\" content=\"Dur\u00e9e de lecture estim\u00e9e\" \/>\n\t<meta name=\"twitter:data1\" content=\"1 minute\" \/>\n<script type=\"application\/ld+json\" class=\"yoast-schema-graph\">{\"@context\":\"https:\/\/schema.org\",\"@graph\":[{\"@type\":\"WebPage\",\"@id\":\"https:\/\/quintadobomdespacho.com\/fr\/sustentabilidade\/\",\"url\":\"https:\/\/quintadobomdespacho.com\/fr\/sustentabilidade\/\",\"name\":\"Sustentabilidade - Quinta do Bom Despacho\",\"isPartOf\":{\"@id\":\"https:\/\/quintadobomdespacho.com\/fr\/#website\"},\"datePublished\":\"2023-05-31T11:34:38+00:00\",\"dateModified\":\"2024-09-25T15:37:15+00:00\",\"description\":\"Na Quinta do Bom Despacho a defini\u00e7\u00e3o de sustentabilidade foca-se na regenera\u00e7\u00e3o e na complexidade das rela\u00e7\u00f5es. Saiba mais aqui.\",\"breadcrumb\":{\"@id\":\"https:\/\/quintadobomdespacho.com\/fr\/sustentabilidade\/#breadcrumb\"},\"inLanguage\":\"fr-FR\",\"potentialAction\":[{\"@type\":\"ReadAction\",\"target\":[\"https:\/\/quintadobomdespacho.com\/fr\/sustentabilidade\/\"]}]},{\"@type\":\"BreadcrumbList\",\"@id\":\"https:\/\/quintadobomdespacho.com\/fr\/sustentabilidade\/#breadcrumb\",\"itemListElement\":[{\"@type\":\"ListItem\",\"position\":1,\"name\":\"Home\",\"item\":\"https:\/\/quintadobomdespacho.com\/fr\/home-2\/\"},{\"@type\":\"ListItem\",\"position\":2,\"name\":\"Durabilit\u00e9\"}]},{\"@type\":\"WebSite\",\"@id\":\"https:\/\/quintadobomdespacho.com\/fr\/#website\",\"url\":\"https:\/\/quintadobomdespacho.com\/fr\/\",\"name\":\"Quinta do Bom Despacho\",\"description\":\"H\u00e9bergement durable\",\"potentialAction\":[{\"@type\":\"SearchAction\",\"target\":{\"@type\":\"EntryPoint\",\"urlTemplate\":\"https:\/\/quintadobomdespacho.com\/fr\/?s={search_term_string}\"},\"query-input\":{\"@type\":\"PropertyValueSpecification\",\"valueRequired\":true,\"valueName\":\"search_term_string\"}}],\"inLanguage\":\"fr-FR\"}]}<\/script>\n<!-- \/ Yoast SEO plugin. -->","yoast_head_json":{"title":"Sustentabilidade - Quinta do Bom Despacho","description":"Na Quinta do Bom Despacho a defini\u00e7\u00e3o de sustentabilidade foca-se na regenera\u00e7\u00e3o e na complexidade das rela\u00e7\u00f5es. Saiba mais aqui.","robots":{"index":"index","follow":"follow","max-snippet":"max-snippet:-1","max-image-preview":"max-image-preview:large","max-video-preview":"max-video-preview:-1"},"canonical":"https:\/\/quintadobomdespacho.com\/fr\/sustentabilidade\/","og_locale":"fr_FR","og_type":"article","og_title":"Sustentabilidade - Quinta do Bom Despacho","og_description":"Na Quinta do Bom Despacho a defini\u00e7\u00e3o de sustentabilidade foca-se na regenera\u00e7\u00e3o e na complexidade das rela\u00e7\u00f5es. Saiba mais aqui.","og_url":"https:\/\/quintadobomdespacho.com\/fr\/sustentabilidade\/","og_site_name":"Quinta do Bom Despacho","article_modified_time":"2024-09-25T15:37:15+00:00","twitter_card":"summary_large_image","twitter_misc":{"Dur\u00e9e de lecture estim\u00e9e":"1 minute"},"schema":{"@context":"https:\/\/schema.org","@graph":[{"@type":"WebPage","@id":"https:\/\/quintadobomdespacho.com\/fr\/sustentabilidade\/","url":"https:\/\/quintadobomdespacho.com\/fr\/sustentabilidade\/","name":"Sustentabilidade - Quinta do Bom Despacho","isPartOf":{"@id":"https:\/\/quintadobomdespacho.com\/fr\/#website"},"datePublished":"2023-05-31T11:34:38+00:00","dateModified":"2024-09-25T15:37:15+00:00","description":"Na Quinta do Bom Despacho a defini\u00e7\u00e3o de sustentabilidade foca-se na regenera\u00e7\u00e3o e na complexidade das rela\u00e7\u00f5es. Saiba mais aqui.","breadcrumb":{"@id":"https:\/\/quintadobomdespacho.com\/fr\/sustentabilidade\/#breadcrumb"},"inLanguage":"fr-FR","potentialAction":[{"@type":"ReadAction","target":["https:\/\/quintadobomdespacho.com\/fr\/sustentabilidade\/"]}]},{"@type":"BreadcrumbList","@id":"https:\/\/quintadobomdespacho.com\/fr\/sustentabilidade\/#breadcrumb","itemListElement":[{"@type":"ListItem","position":1,"name":"Home","item":"https:\/\/quintadobomdespacho.com\/fr\/home-2\/"},{"@type":"ListItem","position":2,"name":"Durabilit\u00e9"}]},{"@type":"WebSite","@id":"https:\/\/quintadobomdespacho.com\/fr\/#website","url":"https:\/\/quintadobomdespacho.com\/fr\/","name":"Quinta do Bom Despacho","description":"H\u00e9bergement durable","potentialAction":[{"@type":"SearchAction","target":{"@type":"EntryPoint","urlTemplate":"https:\/\/quintadobomdespacho.com\/fr\/?s={search_term_string}"},"query-input":{"@type":"PropertyValueSpecification","valueRequired":true,"valueName":"search_term_string"}}],"inLanguage":"fr-FR"}]}},"_links":{"self":[{"href":"https:\/\/quintadobomdespacho.com\/fr\/wp-json\/wp\/v2\/pages\/3878","targetHints":{"allow":["GET"]}}],"collection":[{"href":"https:\/\/quintadobomdespacho.com\/fr\/wp-json\/wp\/v2\/pages"}],"about":[{"href":"https:\/\/quintadobomdespacho.com\/fr\/wp-json\/wp\/v2\/types\/page"}],"author":[{"embeddable":true,"href":"https:\/\/quintadobomdespacho.com\/fr\/wp-json\/wp\/v2\/users\/1"}],"replies":[{"embeddable":true,"href":"https:\/\/quintadobomdespacho.com\/fr\/wp-json\/wp\/v2\/comments?post=3878"}],"version-history":[{"count":15,"href":"https:\/\/quintadobomdespacho.com\/fr\/wp-json\/wp\/v2\/pages\/3878\/revisions"}],"predecessor-version":[{"id":5644,"href":"https:\/\/quintadobomdespacho.com\/fr\/wp-json\/wp\/v2\/pages\/3878\/revisions\/5644"}],"wp:attachment":[{"href":"https:\/\/quintadobomdespacho.com\/fr\/wp-json\/wp\/v2\/media?parent=3878"}],"curies":[{"name":"wp","href":"https:\/\/api.w.org\/{rel}","templated":true}]}}