{"id":3872,"date":"2023-05-31T11:34:58","date_gmt":"2023-05-31T11:34:58","guid":{"rendered":"https:\/\/quintadobomdespacho.com\/sobre\/"},"modified":"2025-09-22T19:15:26","modified_gmt":"2025-09-22T19:15:26","slug":"sobre","status":"publish","type":"page","link":"https:\/\/quintadobomdespacho.com\/fr\/sobre\/","title":{"rendered":"\u00c0 propos de nous"},"content":{"rendered":"<p>Quinta do Bom Despacho est une entreprise familiale ax\u00e9e sur l&rsquo;impact positif. Nous pensons que les petites entreprises int\u00e9gr\u00e9es dans la communaut\u00e9, avec des cha\u00eenes de valeur courtes et localis\u00e9es, constituent le squelette d&rsquo;une \u00e9conomie r\u00e9g\u00e9n\u00e9ratrice.<\/p>\n","protected":false},"excerpt":{"rendered":"<p>Quinta do Bom Despacho est une entreprise familiale ax\u00e9e sur l&rsquo;impact positif. Nous pensons que les petites entreprises int\u00e9gr\u00e9es dans la communaut\u00e9, avec des cha\u00eenes de valeur courtes et localis\u00e9es, constituent le squelette d&rsquo;une \u00e9conomie r\u00e9g\u00e9n\u00e9ratrice.<\/p>\n","protected":false},"author":1,"featured_media":4009,"parent":0,"menu_order":0,"comment_status":"closed","ping_status":"closed","template":"aboutUs.php","meta":{"footnotes":""},"class_list":["post-3872","page","type-page","status-publish","has-post-thumbnail","hentry"],"acf":[],"yoast_head":"<!-- This site is optimized with the Yoast SEO plugin v27.1.1 - https:\/\/yoast.com\/product\/yoast-seo-wordpress\/ -->\n<title>Tourisme Durable - \u00c0 propos de nous - Quinta do Bom Despacho<\/title>\n<meta name=\"description\" content=\"Quinta do Bom Despacho s&#039;inspire du tourisme durable. D\u00e9couvrez notre mission, notre vision et notre histoire ici. Visitez-nous!\" \/>\n<meta name=\"robots\" content=\"index, follow, max-snippet:-1, max-image-preview:large, max-video-preview:-1\" \/>\n<link rel=\"canonical\" href=\"https:\/\/quintadobomdespacho.com\/fr\/sobre\/\" \/>\n<meta property=\"og:locale\" content=\"fr_FR\" \/>\n<meta property=\"og:type\" content=\"article\" \/>\n<meta property=\"og:title\" content=\"Tourisme Durable - \u00c0 propos de nous - Quinta do Bom Despacho\" \/>\n<meta property=\"og:description\" content=\"Quinta do Bom Despacho s&#039;inspire du tourisme durable. D\u00e9couvrez notre mission, notre vision et notre histoire ici. Visitez-nous!\" \/>\n<meta property=\"og:url\" content=\"https:\/\/quintadobomdespacho.com\/fr\/sobre\/\" \/>\n<meta property=\"og:site_name\" content=\"Quinta do Bom Despacho\" \/>\n<meta property=\"article:modified_time\" content=\"2025-09-22T19:15:26+00:00\" \/>\n<meta property=\"og:image\" content=\"https:\/\/quintadobomdespacho.com\/wp-content\/uploads\/2024\/03\/div-246-scaled.jpg\" \/>\n\t<meta property=\"og:image:width\" content=\"2560\" \/>\n\t<meta property=\"og:image:height\" content=\"1714\" \/>\n\t<meta property=\"og:image:type\" content=\"image\/jpeg\" \/>\n<meta name=\"twitter:card\" content=\"summary_large_image\" \/>\n<meta name=\"twitter:label1\" content=\"Dur\u00e9e de lecture estim\u00e9e\" \/>\n\t<meta name=\"twitter:data1\" content=\"1 minute\" \/>\n<script type=\"application\/ld+json\" class=\"yoast-schema-graph\">{\"@context\":\"https:\/\/schema.org\",\"@graph\":[{\"@type\":\"WebPage\",\"@id\":\"https:\/\/quintadobomdespacho.com\/fr\/sobre\/\",\"url\":\"https:\/\/quintadobomdespacho.com\/fr\/sobre\/\",\"name\":\"Tourisme Durable - \u00c0 propos de nous - Quinta do Bom Despacho\",\"isPartOf\":{\"@id\":\"https:\/\/quintadobomdespacho.com\/fr\/#website\"},\"primaryImageOfPage\":{\"@id\":\"https:\/\/quintadobomdespacho.com\/fr\/sobre\/#primaryimage\"},\"image\":{\"@id\":\"https:\/\/quintadobomdespacho.com\/fr\/sobre\/#primaryimage\"},\"thumbnailUrl\":\"https:\/\/quintadobomdespacho.com\/wp-content\/uploads\/2024\/03\/div-246-scaled.jpg\",\"datePublished\":\"2023-05-31T11:34:58+00:00\",\"dateModified\":\"2025-09-22T19:15:26+00:00\",\"description\":\"Quinta do Bom Despacho s'inspire du tourisme durable. D\u00e9couvrez notre mission, notre vision et notre histoire ici. Visitez-nous!\",\"breadcrumb\":{\"@id\":\"https:\/\/quintadobomdespacho.com\/fr\/sobre\/#breadcrumb\"},\"inLanguage\":\"fr-FR\",\"potentialAction\":[{\"@type\":\"ReadAction\",\"target\":[\"https:\/\/quintadobomdespacho.com\/fr\/sobre\/\"]}]},{\"@type\":\"ImageObject\",\"inLanguage\":\"fr-FR\",\"@id\":\"https:\/\/quintadobomdespacho.com\/fr\/sobre\/#primaryimage\",\"url\":\"https:\/\/quintadobomdespacho.com\/wp-content\/uploads\/2024\/03\/div-246-scaled.jpg\",\"contentUrl\":\"https:\/\/quintadobomdespacho.com\/wp-content\/uploads\/2024\/03\/div-246-scaled.jpg\",\"width\":2560,\"height\":1714,\"caption\":\"Turismo sustent\u00e1vel\"},{\"@type\":\"BreadcrumbList\",\"@id\":\"https:\/\/quintadobomdespacho.com\/fr\/sobre\/#breadcrumb\",\"itemListElement\":[{\"@type\":\"ListItem\",\"position\":1,\"name\":\"Home\",\"item\":\"https:\/\/quintadobomdespacho.com\/fr\/home-2\/\"},{\"@type\":\"ListItem\",\"position\":2,\"name\":\"\u00c0 propos de nous\"}]},{\"@type\":\"WebSite\",\"@id\":\"https:\/\/quintadobomdespacho.com\/fr\/#website\",\"url\":\"https:\/\/quintadobomdespacho.com\/fr\/\",\"name\":\"Quinta do Bom Despacho\",\"description\":\"H\u00e9bergement durable\",\"potentialAction\":[{\"@type\":\"SearchAction\",\"target\":{\"@type\":\"EntryPoint\",\"urlTemplate\":\"https:\/\/quintadobomdespacho.com\/fr\/?s={search_term_string}\"},\"query-input\":{\"@type\":\"PropertyValueSpecification\",\"valueRequired\":true,\"valueName\":\"search_term_string\"}}],\"inLanguage\":\"fr-FR\"}]}<\/script>\n<!-- \/ Yoast SEO plugin. -->","yoast_head_json":{"title":"Tourisme Durable - \u00c0 propos de nous - Quinta do Bom Despacho","description":"Quinta do Bom Despacho s'inspire du tourisme durable. D\u00e9couvrez notre mission, notre vision et notre histoire ici. Visitez-nous!","robots":{"index":"index","follow":"follow","max-snippet":"max-snippet:-1","max-image-preview":"max-image-preview:large","max-video-preview":"max-video-preview:-1"},"canonical":"https:\/\/quintadobomdespacho.com\/fr\/sobre\/","og_locale":"fr_FR","og_type":"article","og_title":"Tourisme Durable - \u00c0 propos de nous - Quinta do Bom Despacho","og_description":"Quinta do Bom Despacho s'inspire du tourisme durable. D\u00e9couvrez notre mission, notre vision et notre histoire ici. Visitez-nous!","og_url":"https:\/\/quintadobomdespacho.com\/fr\/sobre\/","og_site_name":"Quinta do Bom Despacho","article_modified_time":"2025-09-22T19:15:26+00:00","og_image":[{"width":2560,"height":1714,"url":"https:\/\/quintadobomdespacho.com\/wp-content\/uploads\/2024\/03\/div-246-scaled.jpg","type":"image\/jpeg"}],"twitter_card":"summary_large_image","twitter_misc":{"Dur\u00e9e de lecture estim\u00e9e":"1 minute"},"schema":{"@context":"https:\/\/schema.org","@graph":[{"@type":"WebPage","@id":"https:\/\/quintadobomdespacho.com\/fr\/sobre\/","url":"https:\/\/quintadobomdespacho.com\/fr\/sobre\/","name":"Tourisme Durable - \u00c0 propos de nous - Quinta do Bom Despacho","isPartOf":{"@id":"https:\/\/quintadobomdespacho.com\/fr\/#website"},"primaryImageOfPage":{"@id":"https:\/\/quintadobomdespacho.com\/fr\/sobre\/#primaryimage"},"image":{"@id":"https:\/\/quintadobomdespacho.com\/fr\/sobre\/#primaryimage"},"thumbnailUrl":"https:\/\/quintadobomdespacho.com\/wp-content\/uploads\/2024\/03\/div-246-scaled.jpg","datePublished":"2023-05-31T11:34:58+00:00","dateModified":"2025-09-22T19:15:26+00:00","description":"Quinta do Bom Despacho s'inspire du tourisme durable. D\u00e9couvrez notre mission, notre vision et notre histoire ici. Visitez-nous!","breadcrumb":{"@id":"https:\/\/quintadobomdespacho.com\/fr\/sobre\/#breadcrumb"},"inLanguage":"fr-FR","potentialAction":[{"@type":"ReadAction","target":["https:\/\/quintadobomdespacho.com\/fr\/sobre\/"]}]},{"@type":"ImageObject","inLanguage":"fr-FR","@id":"https:\/\/quintadobomdespacho.com\/fr\/sobre\/#primaryimage","url":"https:\/\/quintadobomdespacho.com\/wp-content\/uploads\/2024\/03\/div-246-scaled.jpg","contentUrl":"https:\/\/quintadobomdespacho.com\/wp-content\/uploads\/2024\/03\/div-246-scaled.jpg","width":2560,"height":1714,"caption":"Turismo sustent\u00e1vel"},{"@type":"BreadcrumbList","@id":"https:\/\/quintadobomdespacho.com\/fr\/sobre\/#breadcrumb","itemListElement":[{"@type":"ListItem","position":1,"name":"Home","item":"https:\/\/quintadobomdespacho.com\/fr\/home-2\/"},{"@type":"ListItem","position":2,"name":"\u00c0 propos de nous"}]},{"@type":"WebSite","@id":"https:\/\/quintadobomdespacho.com\/fr\/#website","url":"https:\/\/quintadobomdespacho.com\/fr\/","name":"Quinta do Bom Despacho","description":"H\u00e9bergement durable","potentialAction":[{"@type":"SearchAction","target":{"@type":"EntryPoint","urlTemplate":"https:\/\/quintadobomdespacho.com\/fr\/?s={search_term_string}"},"query-input":{"@type":"PropertyValueSpecification","valueRequired":true,"valueName":"search_term_string"}}],"inLanguage":"fr-FR"}]}},"_links":{"self":[{"href":"https:\/\/quintadobomdespacho.com\/fr\/wp-json\/wp\/v2\/pages\/3872","targetHints":{"allow":["GET"]}}],"collection":[{"href":"https:\/\/quintadobomdespacho.com\/fr\/wp-json\/wp\/v2\/pages"}],"about":[{"href":"https:\/\/quintadobomdespacho.com\/fr\/wp-json\/wp\/v2\/types\/page"}],"author":[{"embeddable":true,"href":"https:\/\/quintadobomdespacho.com\/fr\/wp-json\/wp\/v2\/users\/1"}],"replies":[{"embeddable":true,"href":"https:\/\/quintadobomdespacho.com\/fr\/wp-json\/wp\/v2\/comments?post=3872"}],"version-history":[{"count":4,"href":"https:\/\/quintadobomdespacho.com\/fr\/wp-json\/wp\/v2\/pages\/3872\/revisions"}],"predecessor-version":[{"id":6134,"href":"https:\/\/quintadobomdespacho.com\/fr\/wp-json\/wp\/v2\/pages\/3872\/revisions\/6134"}],"wp:featuredmedia":[{"embeddable":true,"href":"https:\/\/quintadobomdespacho.com\/fr\/wp-json\/wp\/v2\/media\/4009"}],"wp:attachment":[{"href":"https:\/\/quintadobomdespacho.com\/fr\/wp-json\/wp\/v2\/media?parent=3872"}],"curies":[{"name":"wp","href":"https:\/\/api.w.org\/{rel}","templated":true}]}}