{"id":3868,"date":"2023-10-09T10:03:56","date_gmt":"2023-10-09T10:03:56","guid":{"rendered":"https:\/\/quintadobomdespacho.com\/retiros\/"},"modified":"2024-07-15T17:52:46","modified_gmt":"2024-07-15T17:52:46","slug":"retiros","status":"publish","type":"page","link":"https:\/\/quintadobomdespacho.com\/fr\/retiros\/","title":{"rendered":"Retraites"},"content":{"rendered":"<p>Plus de 8 000 m\u00e8tres carr\u00e9s de possibilit\u00e9s (presque) illimit\u00e9es pour un maximum de 20 personnes.<br \/>\nLe cadre id\u00e9al pour un refuge contre le rythme effr\u00e9n\u00e9 de la vie moderne.<\/p>\n","protected":false},"excerpt":{"rendered":"<p>Plus de 8 000 m\u00e8tres carr\u00e9s de possibilit\u00e9s (presque) illimit\u00e9es pour un maximum de 20 personnes. Le cadre id\u00e9al pour un refuge contre le rythme effr\u00e9n\u00e9 de la vie moderne.<\/p>\n","protected":false},"author":1,"featured_media":0,"parent":0,"menu_order":0,"comment_status":"closed","ping_status":"closed","template":"template-retiros.php","meta":{"footnotes":""},"class_list":["post-3868","page","type-page","status-publish","hentry"],"acf":[],"yoast_head":"<!-- This site is optimized with the Yoast SEO plugin v27.1.1 - https:\/\/yoast.com\/product\/yoast-seo-wordpress\/ -->\n<title>Retraites em S\u00e3o Miguel - Alojamento Ecol\u00f3gico - Quinta do Bom Despacho<\/title>\n<meta name=\"description\" content=\"Procuras por retiros em S\u00e3o Miguel? Temos o cen\u00e1rio perfeito para o seu ref\u00fagio. Sabe aqui o que temos para te oferecer.\" \/>\n<meta name=\"robots\" content=\"index, follow, max-snippet:-1, max-image-preview:large, max-video-preview:-1\" \/>\n<link rel=\"canonical\" href=\"https:\/\/quintadobomdespacho.com\/fr\/retiros\/\" \/>\n<meta property=\"og:locale\" content=\"fr_FR\" \/>\n<meta property=\"og:type\" content=\"article\" \/>\n<meta property=\"og:title\" content=\"Retraites em S\u00e3o Miguel - Alojamento Ecol\u00f3gico - Quinta do Bom Despacho\" \/>\n<meta property=\"og:description\" content=\"Procuras por retiros em S\u00e3o Miguel? Temos o cen\u00e1rio perfeito para o seu ref\u00fagio. Sabe aqui o que temos para te oferecer.\" \/>\n<meta property=\"og:url\" content=\"https:\/\/quintadobomdespacho.com\/fr\/retiros\/\" \/>\n<meta property=\"og:site_name\" content=\"Quinta do Bom Despacho\" \/>\n<meta property=\"article:modified_time\" content=\"2024-07-15T17:52:46+00:00\" \/>\n<meta name=\"twitter:card\" content=\"summary_large_image\" \/>\n<meta name=\"twitter:label1\" content=\"Dur\u00e9e de lecture estim\u00e9e\" \/>\n\t<meta name=\"twitter:data1\" content=\"1 minute\" \/>\n<script type=\"application\/ld+json\" class=\"yoast-schema-graph\">{\"@context\":\"https:\/\/schema.org\",\"@graph\":[{\"@type\":\"WebPage\",\"@id\":\"https:\/\/quintadobomdespacho.com\/fr\/retiros\/\",\"url\":\"https:\/\/quintadobomdespacho.com\/fr\/retiros\/\",\"name\":\"Retraites em S\u00e3o Miguel - Alojamento Ecol\u00f3gico - Quinta do Bom Despacho\",\"isPartOf\":{\"@id\":\"https:\/\/quintadobomdespacho.com\/fr\/#website\"},\"datePublished\":\"2023-10-09T10:03:56+00:00\",\"dateModified\":\"2024-07-15T17:52:46+00:00\",\"description\":\"Procuras por retiros em S\u00e3o Miguel? Temos o cen\u00e1rio perfeito para o seu ref\u00fagio. Sabe aqui o que temos para te oferecer.\",\"breadcrumb\":{\"@id\":\"https:\/\/quintadobomdespacho.com\/fr\/retiros\/#breadcrumb\"},\"inLanguage\":\"fr-FR\",\"potentialAction\":[{\"@type\":\"ReadAction\",\"target\":[\"https:\/\/quintadobomdespacho.com\/fr\/retiros\/\"]}]},{\"@type\":\"BreadcrumbList\",\"@id\":\"https:\/\/quintadobomdespacho.com\/fr\/retiros\/#breadcrumb\",\"itemListElement\":[{\"@type\":\"ListItem\",\"position\":1,\"name\":\"Home\",\"item\":\"https:\/\/quintadobomdespacho.com\/fr\/home-2\/\"},{\"@type\":\"ListItem\",\"position\":2,\"name\":\"Retraites\"}]},{\"@type\":\"WebSite\",\"@id\":\"https:\/\/quintadobomdespacho.com\/fr\/#website\",\"url\":\"https:\/\/quintadobomdespacho.com\/fr\/\",\"name\":\"Quinta do Bom Despacho\",\"description\":\"H\u00e9bergement durable\",\"potentialAction\":[{\"@type\":\"SearchAction\",\"target\":{\"@type\":\"EntryPoint\",\"urlTemplate\":\"https:\/\/quintadobomdespacho.com\/fr\/?s={search_term_string}\"},\"query-input\":{\"@type\":\"PropertyValueSpecification\",\"valueRequired\":true,\"valueName\":\"search_term_string\"}}],\"inLanguage\":\"fr-FR\"}]}<\/script>\n<!-- \/ Yoast SEO plugin. -->","yoast_head_json":{"title":"Retraites em S\u00e3o Miguel - Alojamento Ecol\u00f3gico - Quinta do Bom Despacho","description":"Procuras por retiros em S\u00e3o Miguel? Temos o cen\u00e1rio perfeito para o seu ref\u00fagio. Sabe aqui o que temos para te oferecer.","robots":{"index":"index","follow":"follow","max-snippet":"max-snippet:-1","max-image-preview":"max-image-preview:large","max-video-preview":"max-video-preview:-1"},"canonical":"https:\/\/quintadobomdespacho.com\/fr\/retiros\/","og_locale":"fr_FR","og_type":"article","og_title":"Retraites em S\u00e3o Miguel - Alojamento Ecol\u00f3gico - Quinta do Bom Despacho","og_description":"Procuras por retiros em S\u00e3o Miguel? Temos o cen\u00e1rio perfeito para o seu ref\u00fagio. Sabe aqui o que temos para te oferecer.","og_url":"https:\/\/quintadobomdespacho.com\/fr\/retiros\/","og_site_name":"Quinta do Bom Despacho","article_modified_time":"2024-07-15T17:52:46+00:00","twitter_card":"summary_large_image","twitter_misc":{"Dur\u00e9e de lecture estim\u00e9e":"1 minute"},"schema":{"@context":"https:\/\/schema.org","@graph":[{"@type":"WebPage","@id":"https:\/\/quintadobomdespacho.com\/fr\/retiros\/","url":"https:\/\/quintadobomdespacho.com\/fr\/retiros\/","name":"Retraites em S\u00e3o Miguel - Alojamento Ecol\u00f3gico - Quinta do Bom Despacho","isPartOf":{"@id":"https:\/\/quintadobomdespacho.com\/fr\/#website"},"datePublished":"2023-10-09T10:03:56+00:00","dateModified":"2024-07-15T17:52:46+00:00","description":"Procuras por retiros em S\u00e3o Miguel? Temos o cen\u00e1rio perfeito para o seu ref\u00fagio. Sabe aqui o que temos para te oferecer.","breadcrumb":{"@id":"https:\/\/quintadobomdespacho.com\/fr\/retiros\/#breadcrumb"},"inLanguage":"fr-FR","potentialAction":[{"@type":"ReadAction","target":["https:\/\/quintadobomdespacho.com\/fr\/retiros\/"]}]},{"@type":"BreadcrumbList","@id":"https:\/\/quintadobomdespacho.com\/fr\/retiros\/#breadcrumb","itemListElement":[{"@type":"ListItem","position":1,"name":"Home","item":"https:\/\/quintadobomdespacho.com\/fr\/home-2\/"},{"@type":"ListItem","position":2,"name":"Retraites"}]},{"@type":"WebSite","@id":"https:\/\/quintadobomdespacho.com\/fr\/#website","url":"https:\/\/quintadobomdespacho.com\/fr\/","name":"Quinta do Bom Despacho","description":"H\u00e9bergement durable","potentialAction":[{"@type":"SearchAction","target":{"@type":"EntryPoint","urlTemplate":"https:\/\/quintadobomdespacho.com\/fr\/?s={search_term_string}"},"query-input":{"@type":"PropertyValueSpecification","valueRequired":true,"valueName":"search_term_string"}}],"inLanguage":"fr-FR"}]}},"_links":{"self":[{"href":"https:\/\/quintadobomdespacho.com\/fr\/wp-json\/wp\/v2\/pages\/3868","targetHints":{"allow":["GET"]}}],"collection":[{"href":"https:\/\/quintadobomdespacho.com\/fr\/wp-json\/wp\/v2\/pages"}],"about":[{"href":"https:\/\/quintadobomdespacho.com\/fr\/wp-json\/wp\/v2\/types\/page"}],"author":[{"embeddable":true,"href":"https:\/\/quintadobomdespacho.com\/fr\/wp-json\/wp\/v2\/users\/1"}],"replies":[{"embeddable":true,"href":"https:\/\/quintadobomdespacho.com\/fr\/wp-json\/wp\/v2\/comments?post=3868"}],"version-history":[{"count":4,"href":"https:\/\/quintadobomdespacho.com\/fr\/wp-json\/wp\/v2\/pages\/3868\/revisions"}],"predecessor-version":[{"id":4585,"href":"https:\/\/quintadobomdespacho.com\/fr\/wp-json\/wp\/v2\/pages\/3868\/revisions\/4585"}],"wp:attachment":[{"href":"https:\/\/quintadobomdespacho.com\/fr\/wp-json\/wp\/v2\/media?parent=3868"}],"curies":[{"name":"wp","href":"https:\/\/api.w.org\/{rel}","templated":true}]}}