{"id":3859,"date":"2023-10-16T08:49:24","date_gmt":"2023-10-16T08:49:24","guid":{"rendered":"https:\/\/quintadobomdespacho.com\/ecoliving\/guidelines\/"},"modified":"2024-10-03T17:32:56","modified_gmt":"2024-10-03T17:32:56","slug":"guidelines","status":"publish","type":"page","link":"https:\/\/quintadobomdespacho.com\/fr\/ecoliving-2\/guidelines\/","title":{"rendered":"Lignes Directrices Ecoliving"},"content":{"rendered":"<p>&nbsp;<br \/>\nCes Lignes Directrices ont \u00e9t\u00e9 \u00e9labor\u00e9es avec la coop\u00e9ration d&rsquo;anciens Co-livers qui nous ont accompagn\u00e9s dans le pass\u00e9.<\/p>\n<p>&nbsp;<\/p>\n<h3><strong>COMMUNAUT\u00c9<\/strong><\/h3>\n<p>Nous accueillons des r\u00e9sidents respectueux et bienveillants. Nous prenons le temps de nous pr\u00e9senter correctement<br \/>\net d&rsquo;apprendresur les autres membres de la communaut\u00e9. Nous pensions que les bavardages sont la force qui fait<br \/>\ntourner le monde et que\u00a0\u00bbth\u00e8me!\u00a0\u00bb s\u00e9oul, ce n&rsquo;est pas le mieux que nous puissions faire. Nous ne sommes pas oblig\u00e9s<br \/>\nd&rsquo;\u00eatre les meilleurs amis de tout le monde, mais nous veillons \u00e0 ce que les gens se sentent en s\u00e9curit\u00e9 et heureux<br \/>\nautour de nous en entamant des conversations et en manifestant leur int\u00e9r\u00eatl&rsquo;un pour l&rsquo;autre. Nous n&rsquo;avons pas<br \/>\nbesoin de sourire tout le temps, mais nous reconnaissons les moments o\u00f9 un sourire peutfont toute la diff\u00e9rence.<\/p>\n<h3><strong>\u00c9CODURABILIT\u00c9<\/strong><\/h3>\n<p>Quinta do Bom Despacho est une r\u00e9f\u00e9rence internationale en mati\u00e8re d&rsquo;h\u00e9bergement durable et la durabilit\u00e9 est au<br \/>\nc\u0153ur de au centre de tout ce que nous concevons et auquel nous aspirons. On composte, on \u00e9teint les lumi\u00e8res<br \/>\nquand on ne les utilise pas, nous prenons des douches plus courtes et respectons les temps vides pour faire<br \/>\nfonctionner les laveuses et les s\u00e9cheuses, \u00e9conomisant ainsi de l&rsquo;argent ainsi que l&rsquo;eau et l&rsquo;\u00e9lectricit\u00e9. Le<br \/>\ntransport a\u00e9rien et le transport maritime sont des secteurs \u00e0 fort impact socialet les effets environnementaux<br \/>\nn\u00e9gatifs, c&rsquo;est pourquoi nous essayons d&rsquo;\u00e9quilibrer ces effets en achetant des produits locaux autant que possible.<\/p>\n<h3><strong>R\u00c8GLES DE LA MAISON<\/strong><\/h3>\n<p>Nous pr\u00eatons attention \u00e0 la propret\u00e9 et \u00e0 l&rsquo;ordre des espaces partag\u00e9s et nettoyons et rangeons toujours tout ce<br \/>\nque nous faisons. temps utile. Cette \u00e9tiquette s&rsquo;applique particuli\u00e8rement aux cuisines, salles de bains et<br \/>\nespaces de travail communs, mais \u00e9galement \u00e0 nos chambres partag\u00e9es. Nous respectons les biens de nos colocataires<br \/>\nen faisant attention \u00e0 \u00e9tiquettes dans le garde-manger, le r\u00e9frig\u00e9rateur et la salle de bain et ne jamais rien<br \/>\nemprunter sans demander au pr\u00e9alable.<\/p>\n<h3><strong>RESPONSABILIT\u00c9<\/strong><\/h3>\n<p>S\u2019il y a quelque chose \u00e0 faire, c\u2019est moi qui peux le faire. \u00ab Il peut y avoir beaucoup de petites choses qui font<br \/>\nla vie en cohabitation se passe bien : remplacer le papier toilette quand on a fini le rouleau, sortir les poubelles<br \/>\n\u00e0 l&rsquo;ext\u00e9rieur, informez le g\u00e9rant de la maison lorsque le caf\u00e9 commence \u00e0 manquer. Nous nous assurons de laisser<br \/>\nles portes et les fen\u00eatres bien ferm\u00e9es lorsque nous avons quitt\u00e9 la propri\u00e9t\u00e9.<\/p>\n<h3><strong>RYTHMES DE VIE ET DE TRAVAIL<\/strong><\/h3>\n<p>Nous respectons les rythmes et les cycles de travail de chacun. Notre maison passe en mode veille \u00e0 22 heures et reste<br \/>\ncomme \u00e7a jusqu&rsquo;\u00e0 8 heures du matin. Pendant ce temps, nous manipulons les portes avec l\u00e9g\u00e8ret\u00e9, poursuivons nos<br \/>\nconversations et des appareils silencieux et nous n&rsquo;organisons pas de f\u00eates, de longs d\u00eeners et ne socialisons pas<br \/>\nbruyamment. Nous reconnaissons que certains d&rsquo;entre nous ne vivent pas selon la division conventionnelle de la semaine<br \/>\nde travail et du week-end et c&rsquo;est pourquoi Ces directives s\u2019appliquent aux sept jours de la semaine. Les travailleurs<br \/>\nde nuit veillent \u00e0 ce qu&rsquo;ils le fassent votre travail dans les zones de travail existantes. Lorsque nous souhaitons<br \/>\norganiser un \u00e9v\u00e9nement sp\u00e9cial, un anniversaire ou un barbecue, nous nous assurons que tout le monde est non seulement<br \/>\ninform\u00e9, mais qu&rsquo;il accepte \u00e9galement l&rsquo;\u00e9v\u00e9nement. La meilleure fa\u00e7on est d&rsquo;inviter tout le monde \u00e0 participer.<\/p>\n<h3><strong>L&rsquo;\u00c9TIQUETTE DE L&rsquo;INTERNET ET DES APPAREILS<\/strong><\/h3>\n<p>Nous sommes tous des nomades num\u00e9riques et des travailleurs \u00e0 distance, nous d\u00e9pendons donc fortement de l&rsquo;acc\u00e8s et de<br \/>\nla vitesse d&rsquo;Internet. du m\u00eame. Nous devons \u00eatre conscients que le travail de certaines personnes peut n\u00e9cessiter une<br \/>\nvitesse Internet sup\u00e9rieure \u00e0 celle que le n\u00f4tre et nous ne t\u00e9l\u00e9chargeons donc pas tous nos films et s\u00e9ries t\u00e9l\u00e9vis\u00e9es,<br \/>\nmais les diffusons plut\u00f4t en streaming. Non nous \u00e9coutons de la musique et regardons des films sur nos haut-parleurs,<br \/>\nen utilisant des \u00e9couteurs comme alternative. On ne se parle pas au t\u00e9l\u00e9phone portable dans les zones d\u00e9sign\u00e9s pour le<br \/>\ntravail, et nous ne parlons pas non plus fort sur les t\u00e9l\u00e9phones portables dans les espaces communs. Nos t\u00e9l\u00e9phones<br \/>\nportables sont en mode silencieux ou en mode vibrer lorsque nous travaillons dans les espaces communs. Dans les chambres<br \/>\npartag\u00e9es, nous ne laissons sonner l&rsquo;alarme qu&rsquo;une fois par matin, m\u00eame si cela signifie que nous devons abandonner notre<br \/>\nhabitude de nous r\u00e9veiller lentement (Snooze). Nous tenons des r\u00e9unions travail et activit\u00e9s personnelles dans la salle<br \/>\nde r\u00e9union ou dans tout autre espace disponible pour un usage priv\u00e9.<\/p>\n<h3><strong>COMMUNICATION<\/strong><\/h3>\n<p>Lorsque des conflits surviennent, nous communiquons. Nous affrontons les probl\u00e8mes de front, plut\u00f4t que de garder<br \/>\nrancune ou de devenir passif-agressif envers une personne que nous soup\u00e7onnons de ne pas respecter les directives<br \/>\nde la communaut\u00e9. Si le probl\u00e8me persiste et que la communication ne r\u00e9sout pas le probl\u00e8me, nous impliquons le<br \/>\nresponsable de l&rsquo;h\u00e9bergement.<\/p>\n<h3><strong>ENREGISTREMENT<\/strong><\/h3>\n<p>A votre arriv\u00e9e, il vous sera demand\u00e9 de vous inscrire en lisant et en signant le document<br \/>\n<a href=\"https:\/\/quintadobomdespacho.com\/wp-content\/uploads\/2024\/10\/fr-code-de-conduite-communautaire-ecoliving.pdf\" target=\"_blank\" rel=\"noopener\">Code de Conduite Communautaire<\/a> et en fournissant une pi\u00e8ce d&rsquo;identit\u00e9 valide (carte d&rsquo;identit\u00e9 ou passeport).<\/p>\n<p>&#8230;..<\/p>\n<p>Merci de nous aider \u00e0 faire fonctionner cette communaut\u00e9 et notre maison de mani\u00e8re durable\u00a0!<br \/>\nCes directives peuvent changer avec le temps, alors assurez-vous de les v\u00e9rifier r\u00e9guli\u00e8rement.<br \/>\nTu es fantastique !<\/p>\n<p>&nbsp;<\/p>\n<p>Le v\u00f4tre,,<\/p>\n<p>L&rsquo;\u00e9quipe de Quinta do Bom Despacho.<\/p>\n<p>&nbsp;<\/p>\n<p>Derni\u00e8re mise \u00e0 jour en septembre 2024<\/p>\n","protected":false},"excerpt":{"rendered":"<p>&nbsp; Ces Lignes Directrices ont \u00e9t\u00e9 \u00e9labor\u00e9es avec la coop\u00e9ration d&rsquo;anciens Co-livers qui nous ont accompagn\u00e9s dans le pass\u00e9. &nbsp; COMMUNAUT\u00c9 Nous accueillons des r\u00e9sidents respectueux et bienveillants. Nous prenons le temps de nous pr\u00e9senter correctement et d&rsquo;apprendresur les autres membres de la communaut\u00e9. Nous pensions que les bavardages sont la force qui fait tourner [&hellip;]<\/p>\n","protected":false},"author":1,"featured_media":0,"parent":3854,"menu_order":0,"comment_status":"closed","ping_status":"closed","template":"","meta":{"footnotes":""},"class_list":["post-3859","page","type-page","status-publish","hentry"],"acf":[],"yoast_head":"<!-- This site is optimized with the Yoast SEO plugin v27.1.1 - https:\/\/yoast.com\/product\/yoast-seo-wordpress\/ -->\n<title>Termos e Condi\u00e7\u00f5es - Alojamento Ecol\u00f3gico - Quinta do Bom Despacho<\/title>\n<meta name=\"description\" content=\"L\u00ea atentamente os Termos e Condi\u00e7\u00f5es Gerais de utiliza\u00e7\u00e3o do nosso website. Em caso de d\u00favida, n\u00e3o hesite em contactar-nos!\" \/>\n<meta name=\"robots\" content=\"index, follow, max-snippet:-1, max-image-preview:large, max-video-preview:-1\" \/>\n<link rel=\"canonical\" href=\"https:\/\/quintadobomdespacho.com\/fr\/ecoliving-2\/guidelines\/\" \/>\n<meta property=\"og:locale\" content=\"fr_FR\" \/>\n<meta property=\"og:type\" content=\"article\" \/>\n<meta property=\"og:title\" content=\"Termos e Condi\u00e7\u00f5es - Alojamento Ecol\u00f3gico - Quinta do Bom Despacho\" \/>\n<meta property=\"og:description\" content=\"L\u00ea atentamente os Termos e Condi\u00e7\u00f5es Gerais de utiliza\u00e7\u00e3o do nosso website. Em caso de d\u00favida, n\u00e3o hesite em contactar-nos!\" \/>\n<meta property=\"og:url\" content=\"https:\/\/quintadobomdespacho.com\/fr\/ecoliving-2\/guidelines\/\" \/>\n<meta property=\"og:site_name\" content=\"Quinta do Bom Despacho\" \/>\n<meta property=\"article:modified_time\" content=\"2024-10-03T17:32:56+00:00\" \/>\n<meta name=\"twitter:card\" content=\"summary_large_image\" \/>\n<meta name=\"twitter:label1\" content=\"Dur\u00e9e de lecture estim\u00e9e\" \/>\n\t<meta name=\"twitter:data1\" content=\"5 minutes\" \/>\n<script type=\"application\/ld+json\" class=\"yoast-schema-graph\">{\"@context\":\"https:\/\/schema.org\",\"@graph\":[{\"@type\":\"WebPage\",\"@id\":\"https:\/\/quintadobomdespacho.com\/fr\/ecoliving-2\/guidelines\/\",\"url\":\"https:\/\/quintadobomdespacho.com\/fr\/ecoliving-2\/guidelines\/\",\"name\":\"Termos e Condi\u00e7\u00f5es - Alojamento Ecol\u00f3gico - Quinta do Bom Despacho\",\"isPartOf\":{\"@id\":\"https:\/\/quintadobomdespacho.com\/fr\/#website\"},\"datePublished\":\"2023-10-16T08:49:24+00:00\",\"dateModified\":\"2024-10-03T17:32:56+00:00\",\"description\":\"L\u00ea atentamente os Termos e Condi\u00e7\u00f5es Gerais de utiliza\u00e7\u00e3o do nosso website. Em caso de d\u00favida, n\u00e3o hesite em contactar-nos!\",\"breadcrumb\":{\"@id\":\"https:\/\/quintadobomdespacho.com\/fr\/ecoliving-2\/guidelines\/#breadcrumb\"},\"inLanguage\":\"fr-FR\",\"potentialAction\":[{\"@type\":\"ReadAction\",\"target\":[\"https:\/\/quintadobomdespacho.com\/fr\/ecoliving-2\/guidelines\/\"]}]},{\"@type\":\"BreadcrumbList\",\"@id\":\"https:\/\/quintadobomdespacho.com\/fr\/ecoliving-2\/guidelines\/#breadcrumb\",\"itemListElement\":[{\"@type\":\"ListItem\",\"position\":1,\"name\":\"Home\",\"item\":\"https:\/\/quintadobomdespacho.com\/fr\/home-2\/\"},{\"@type\":\"ListItem\",\"position\":2,\"name\":\"Ecoliving\",\"item\":\"https:\/\/quintadobomdespacho.com\/fr\/ecoliving-2\/\"},{\"@type\":\"ListItem\",\"position\":3,\"name\":\"Lignes Directrices Ecoliving\"}]},{\"@type\":\"WebSite\",\"@id\":\"https:\/\/quintadobomdespacho.com\/fr\/#website\",\"url\":\"https:\/\/quintadobomdespacho.com\/fr\/\",\"name\":\"Quinta do Bom Despacho\",\"description\":\"H\u00e9bergement durable\",\"potentialAction\":[{\"@type\":\"SearchAction\",\"target\":{\"@type\":\"EntryPoint\",\"urlTemplate\":\"https:\/\/quintadobomdespacho.com\/fr\/?s={search_term_string}\"},\"query-input\":{\"@type\":\"PropertyValueSpecification\",\"valueRequired\":true,\"valueName\":\"search_term_string\"}}],\"inLanguage\":\"fr-FR\"}]}<\/script>\n<!-- \/ Yoast SEO plugin. -->","yoast_head_json":{"title":"Termos e Condi\u00e7\u00f5es - Alojamento Ecol\u00f3gico - Quinta do Bom Despacho","description":"L\u00ea atentamente os Termos e Condi\u00e7\u00f5es Gerais de utiliza\u00e7\u00e3o do nosso website. Em caso de d\u00favida, n\u00e3o hesite em contactar-nos!","robots":{"index":"index","follow":"follow","max-snippet":"max-snippet:-1","max-image-preview":"max-image-preview:large","max-video-preview":"max-video-preview:-1"},"canonical":"https:\/\/quintadobomdespacho.com\/fr\/ecoliving-2\/guidelines\/","og_locale":"fr_FR","og_type":"article","og_title":"Termos e Condi\u00e7\u00f5es - Alojamento Ecol\u00f3gico - Quinta do Bom Despacho","og_description":"L\u00ea atentamente os Termos e Condi\u00e7\u00f5es Gerais de utiliza\u00e7\u00e3o do nosso website. Em caso de d\u00favida, n\u00e3o hesite em contactar-nos!","og_url":"https:\/\/quintadobomdespacho.com\/fr\/ecoliving-2\/guidelines\/","og_site_name":"Quinta do Bom Despacho","article_modified_time":"2024-10-03T17:32:56+00:00","twitter_card":"summary_large_image","twitter_misc":{"Dur\u00e9e de lecture estim\u00e9e":"5 minutes"},"schema":{"@context":"https:\/\/schema.org","@graph":[{"@type":"WebPage","@id":"https:\/\/quintadobomdespacho.com\/fr\/ecoliving-2\/guidelines\/","url":"https:\/\/quintadobomdespacho.com\/fr\/ecoliving-2\/guidelines\/","name":"Termos e Condi\u00e7\u00f5es - Alojamento Ecol\u00f3gico - Quinta do Bom Despacho","isPartOf":{"@id":"https:\/\/quintadobomdespacho.com\/fr\/#website"},"datePublished":"2023-10-16T08:49:24+00:00","dateModified":"2024-10-03T17:32:56+00:00","description":"L\u00ea atentamente os Termos e Condi\u00e7\u00f5es Gerais de utiliza\u00e7\u00e3o do nosso website. Em caso de d\u00favida, n\u00e3o hesite em contactar-nos!","breadcrumb":{"@id":"https:\/\/quintadobomdespacho.com\/fr\/ecoliving-2\/guidelines\/#breadcrumb"},"inLanguage":"fr-FR","potentialAction":[{"@type":"ReadAction","target":["https:\/\/quintadobomdespacho.com\/fr\/ecoliving-2\/guidelines\/"]}]},{"@type":"BreadcrumbList","@id":"https:\/\/quintadobomdespacho.com\/fr\/ecoliving-2\/guidelines\/#breadcrumb","itemListElement":[{"@type":"ListItem","position":1,"name":"Home","item":"https:\/\/quintadobomdespacho.com\/fr\/home-2\/"},{"@type":"ListItem","position":2,"name":"Ecoliving","item":"https:\/\/quintadobomdespacho.com\/fr\/ecoliving-2\/"},{"@type":"ListItem","position":3,"name":"Lignes Directrices Ecoliving"}]},{"@type":"WebSite","@id":"https:\/\/quintadobomdespacho.com\/fr\/#website","url":"https:\/\/quintadobomdespacho.com\/fr\/","name":"Quinta do Bom Despacho","description":"H\u00e9bergement durable","potentialAction":[{"@type":"SearchAction","target":{"@type":"EntryPoint","urlTemplate":"https:\/\/quintadobomdespacho.com\/fr\/?s={search_term_string}"},"query-input":{"@type":"PropertyValueSpecification","valueRequired":true,"valueName":"search_term_string"}}],"inLanguage":"fr-FR"}]}},"_links":{"self":[{"href":"https:\/\/quintadobomdespacho.com\/fr\/wp-json\/wp\/v2\/pages\/3859","targetHints":{"allow":["GET"]}}],"collection":[{"href":"https:\/\/quintadobomdespacho.com\/fr\/wp-json\/wp\/v2\/pages"}],"about":[{"href":"https:\/\/quintadobomdespacho.com\/fr\/wp-json\/wp\/v2\/types\/page"}],"author":[{"embeddable":true,"href":"https:\/\/quintadobomdespacho.com\/fr\/wp-json\/wp\/v2\/users\/1"}],"replies":[{"embeddable":true,"href":"https:\/\/quintadobomdespacho.com\/fr\/wp-json\/wp\/v2\/comments?post=3859"}],"version-history":[{"count":37,"href":"https:\/\/quintadobomdespacho.com\/fr\/wp-json\/wp\/v2\/pages\/3859\/revisions"}],"predecessor-version":[{"id":5742,"href":"https:\/\/quintadobomdespacho.com\/fr\/wp-json\/wp\/v2\/pages\/3859\/revisions\/5742"}],"up":[{"embeddable":true,"href":"https:\/\/quintadobomdespacho.com\/fr\/wp-json\/wp\/v2\/pages\/3854"}],"wp:attachment":[{"href":"https:\/\/quintadobomdespacho.com\/fr\/wp-json\/wp\/v2\/media?parent=3859"}],"curies":[{"name":"wp","href":"https:\/\/api.w.org\/{rel}","templated":true}]}}