{"id":3835,"date":"2023-05-31T11:32:13","date_gmt":"2023-05-31T11:32:13","guid":{"rendered":"https:\/\/quintadobomdespacho.com\/home\/"},"modified":"2024-07-09T16:16:27","modified_gmt":"2024-07-09T16:16:27","slug":"home-2","status":"publish","type":"page","link":"https:\/\/quintadobomdespacho.com\/fr\/","title":{"rendered":"Home"},"content":{"rendered":"<p>Aujourd&rsquo;hui un espace tourn\u00e9 vers des personnes et inspir\u00e9 par la nature, Quinta do Bom Despacho est rest\u00e9e dans la m\u00eame famille depuis sa construction au XVIIe si\u00e8cle.<\/p>\n<p>Entre 2014 et 2015, le manoir et ses quelque 8.000 m<sup>2<\/sup> d&rsquo;espaces ext\u00e9rieurs ont \u00e9t\u00e9 transform\u00e9s pour offrir un h\u00e9bergement \u00e9cologique dans 10 chambres pouvant accueillir 20 personnes et une poign\u00e9e d&rsquo;autres exp\u00e9riences authentiques et conscientes.<\/p>\n<p><strong>Un endroit pour rester dans le pr\u00e9sent, ressentir le pass\u00e9 et explorer le futur.<\/strong><\/p>\n","protected":false},"excerpt":{"rendered":"<p>Aujourd&rsquo;hui un espace tourn\u00e9 vers des personnes et inspir\u00e9 par la nature, Quinta do Bom Despacho est rest\u00e9e dans la m\u00eame famille depuis sa construction au XVIIe si\u00e8cle. Entre 2014 et 2015, le manoir et ses quelque 8.000 m2 d&rsquo;espaces ext\u00e9rieurs ont \u00e9t\u00e9 transform\u00e9s pour offrir un h\u00e9bergement \u00e9cologique dans 10 chambres pouvant accueillir 20 [&hellip;]<\/p>\n","protected":false},"author":1,"featured_media":3985,"parent":0,"menu_order":0,"comment_status":"closed","ping_status":"closed","template":"","meta":{"footnotes":""},"class_list":["post-3835","page","type-page","status-publish","has-post-thumbnail","hentry"],"acf":[],"yoast_head":"<!-- This site is optimized with the Yoast SEO plugin v27.1.1 - https:\/\/yoast.com\/product\/yoast-seo-wordpress\/ -->\n<title>Quinta do Bom Despacho - H\u00e9bergement durable aux A\u00e7ores<\/title>\n<meta name=\"description\" content=\"Vive, Ressente et Explore \u00e0 Quinta do Bom Despacho. Nous sommes un h\u00e9bergement de 10 chambres et bien plus encore! D\u00e9couvre tout ici.\" \/>\n<meta name=\"robots\" content=\"index, follow, max-snippet:-1, max-image-preview:large, max-video-preview:-1\" \/>\n<link rel=\"canonical\" href=\"https:\/\/quintadobomdespacho.com\/fr\/\" \/>\n<meta property=\"og:locale\" content=\"fr_FR\" \/>\n<meta property=\"og:type\" content=\"article\" \/>\n<meta property=\"og:title\" content=\"Quinta do Bom Despacho - H\u00e9bergement durable aux A\u00e7ores\" \/>\n<meta property=\"og:description\" content=\"Vive, Ressente et Explore \u00e0 Quinta do Bom Despacho. Nous sommes un h\u00e9bergement de 10 chambres et bien plus encore! D\u00e9couvre tout ici.\" \/>\n<meta property=\"og:url\" content=\"https:\/\/quintadobomdespacho.com\/fr\/\" \/>\n<meta property=\"og:site_name\" content=\"Quinta do Bom Despacho\" \/>\n<meta property=\"article:modified_time\" content=\"2024-07-09T16:16:27+00:00\" \/>\n<meta property=\"og:image\" content=\"https:\/\/quintadobomdespacho.com\/wp-content\/uploads\/2023\/11\/dsc09256-scaled.jpg\" \/>\n\t<meta property=\"og:image:width\" content=\"2560\" \/>\n\t<meta property=\"og:image:height\" content=\"1707\" \/>\n\t<meta property=\"og:image:type\" content=\"image\/jpeg\" \/>\n<meta name=\"twitter:card\" content=\"summary_large_image\" \/>\n<meta name=\"twitter:label1\" content=\"Dur\u00e9e de lecture estim\u00e9e\" \/>\n\t<meta name=\"twitter:data1\" content=\"1 minute\" \/>\n<script type=\"application\/ld+json\" class=\"yoast-schema-graph\">{\"@context\":\"https:\/\/schema.org\",\"@graph\":[{\"@type\":\"WebPage\",\"@id\":\"https:\/\/quintadobomdespacho.com\/fr\/\",\"url\":\"https:\/\/quintadobomdespacho.com\/fr\/\",\"name\":\"Quinta do Bom Despacho - H\u00e9bergement durable aux A\u00e7ores\",\"isPartOf\":{\"@id\":\"https:\/\/quintadobomdespacho.com\/fr\/#website\"},\"primaryImageOfPage\":{\"@id\":\"https:\/\/quintadobomdespacho.com\/fr\/#primaryimage\"},\"image\":{\"@id\":\"https:\/\/quintadobomdespacho.com\/fr\/#primaryimage\"},\"thumbnailUrl\":\"https:\/\/quintadobomdespacho.com\/wp-content\/uploads\/2023\/11\/dsc09256-scaled.jpg\",\"datePublished\":\"2023-05-31T11:32:13+00:00\",\"dateModified\":\"2024-07-09T16:16:27+00:00\",\"description\":\"Vive, Ressente et Explore \u00e0 Quinta do Bom Despacho. Nous sommes un h\u00e9bergement de 10 chambres et bien plus encore! D\u00e9couvre tout ici.\",\"breadcrumb\":{\"@id\":\"https:\/\/quintadobomdespacho.com\/fr\/#breadcrumb\"},\"inLanguage\":\"fr-FR\",\"potentialAction\":[{\"@type\":\"ReadAction\",\"target\":[\"https:\/\/quintadobomdespacho.com\/fr\/\"]}]},{\"@type\":\"ImageObject\",\"inLanguage\":\"fr-FR\",\"@id\":\"https:\/\/quintadobomdespacho.com\/fr\/#primaryimage\",\"url\":\"https:\/\/quintadobomdespacho.com\/wp-content\/uploads\/2023\/11\/dsc09256-scaled.jpg\",\"contentUrl\":\"https:\/\/quintadobomdespacho.com\/wp-content\/uploads\/2023\/11\/dsc09256-scaled.jpg\",\"width\":2560,\"height\":1707,\"caption\":\"Quinta do Bom Despacho\"},{\"@type\":\"BreadcrumbList\",\"@id\":\"https:\/\/quintadobomdespacho.com\/fr\/#breadcrumb\",\"itemListElement\":[{\"@type\":\"ListItem\",\"position\":1,\"name\":\"Home\",\"item\":\"https:\/\/quintadobomdespacho.com\/fr\/home-2\/\"},{\"@type\":\"ListItem\",\"position\":2,\"name\":\"Home\"}]},{\"@type\":\"WebSite\",\"@id\":\"https:\/\/quintadobomdespacho.com\/fr\/#website\",\"url\":\"https:\/\/quintadobomdespacho.com\/fr\/\",\"name\":\"Quinta do Bom Despacho\",\"description\":\"H\u00e9bergement durable\",\"potentialAction\":[{\"@type\":\"SearchAction\",\"target\":{\"@type\":\"EntryPoint\",\"urlTemplate\":\"https:\/\/quintadobomdespacho.com\/fr\/?s={search_term_string}\"},\"query-input\":{\"@type\":\"PropertyValueSpecification\",\"valueRequired\":true,\"valueName\":\"search_term_string\"}}],\"inLanguage\":\"fr-FR\"}]}<\/script>\n<!-- \/ Yoast SEO plugin. -->","yoast_head_json":{"title":"Quinta do Bom Despacho - H\u00e9bergement durable aux A\u00e7ores","description":"Vive, Ressente et Explore \u00e0 Quinta do Bom Despacho. Nous sommes un h\u00e9bergement de 10 chambres et bien plus encore! D\u00e9couvre tout ici.","robots":{"index":"index","follow":"follow","max-snippet":"max-snippet:-1","max-image-preview":"max-image-preview:large","max-video-preview":"max-video-preview:-1"},"canonical":"https:\/\/quintadobomdespacho.com\/fr\/","og_locale":"fr_FR","og_type":"article","og_title":"Quinta do Bom Despacho - H\u00e9bergement durable aux A\u00e7ores","og_description":"Vive, Ressente et Explore \u00e0 Quinta do Bom Despacho. Nous sommes un h\u00e9bergement de 10 chambres et bien plus encore! D\u00e9couvre tout ici.","og_url":"https:\/\/quintadobomdespacho.com\/fr\/","og_site_name":"Quinta do Bom Despacho","article_modified_time":"2024-07-09T16:16:27+00:00","og_image":[{"width":2560,"height":1707,"url":"https:\/\/quintadobomdespacho.com\/wp-content\/uploads\/2023\/11\/dsc09256-scaled.jpg","type":"image\/jpeg"}],"twitter_card":"summary_large_image","twitter_misc":{"Dur\u00e9e de lecture estim\u00e9e":"1 minute"},"schema":{"@context":"https:\/\/schema.org","@graph":[{"@type":"WebPage","@id":"https:\/\/quintadobomdespacho.com\/fr\/","url":"https:\/\/quintadobomdespacho.com\/fr\/","name":"Quinta do Bom Despacho - H\u00e9bergement durable aux A\u00e7ores","isPartOf":{"@id":"https:\/\/quintadobomdespacho.com\/fr\/#website"},"primaryImageOfPage":{"@id":"https:\/\/quintadobomdespacho.com\/fr\/#primaryimage"},"image":{"@id":"https:\/\/quintadobomdespacho.com\/fr\/#primaryimage"},"thumbnailUrl":"https:\/\/quintadobomdespacho.com\/wp-content\/uploads\/2023\/11\/dsc09256-scaled.jpg","datePublished":"2023-05-31T11:32:13+00:00","dateModified":"2024-07-09T16:16:27+00:00","description":"Vive, Ressente et Explore \u00e0 Quinta do Bom Despacho. Nous sommes un h\u00e9bergement de 10 chambres et bien plus encore! D\u00e9couvre tout ici.","breadcrumb":{"@id":"https:\/\/quintadobomdespacho.com\/fr\/#breadcrumb"},"inLanguage":"fr-FR","potentialAction":[{"@type":"ReadAction","target":["https:\/\/quintadobomdespacho.com\/fr\/"]}]},{"@type":"ImageObject","inLanguage":"fr-FR","@id":"https:\/\/quintadobomdespacho.com\/fr\/#primaryimage","url":"https:\/\/quintadobomdespacho.com\/wp-content\/uploads\/2023\/11\/dsc09256-scaled.jpg","contentUrl":"https:\/\/quintadobomdespacho.com\/wp-content\/uploads\/2023\/11\/dsc09256-scaled.jpg","width":2560,"height":1707,"caption":"Quinta do Bom Despacho"},{"@type":"BreadcrumbList","@id":"https:\/\/quintadobomdespacho.com\/fr\/#breadcrumb","itemListElement":[{"@type":"ListItem","position":1,"name":"Home","item":"https:\/\/quintadobomdespacho.com\/fr\/home-2\/"},{"@type":"ListItem","position":2,"name":"Home"}]},{"@type":"WebSite","@id":"https:\/\/quintadobomdespacho.com\/fr\/#website","url":"https:\/\/quintadobomdespacho.com\/fr\/","name":"Quinta do Bom Despacho","description":"H\u00e9bergement durable","potentialAction":[{"@type":"SearchAction","target":{"@type":"EntryPoint","urlTemplate":"https:\/\/quintadobomdespacho.com\/fr\/?s={search_term_string}"},"query-input":{"@type":"PropertyValueSpecification","valueRequired":true,"valueName":"search_term_string"}}],"inLanguage":"fr-FR"}]}},"_links":{"self":[{"href":"https:\/\/quintadobomdespacho.com\/fr\/wp-json\/wp\/v2\/pages\/3835","targetHints":{"allow":["GET"]}}],"collection":[{"href":"https:\/\/quintadobomdespacho.com\/fr\/wp-json\/wp\/v2\/pages"}],"about":[{"href":"https:\/\/quintadobomdespacho.com\/fr\/wp-json\/wp\/v2\/types\/page"}],"author":[{"embeddable":true,"href":"https:\/\/quintadobomdespacho.com\/fr\/wp-json\/wp\/v2\/users\/1"}],"replies":[{"embeddable":true,"href":"https:\/\/quintadobomdespacho.com\/fr\/wp-json\/wp\/v2\/comments?post=3835"}],"version-history":[{"count":2,"href":"https:\/\/quintadobomdespacho.com\/fr\/wp-json\/wp\/v2\/pages\/3835\/revisions"}],"predecessor-version":[{"id":4067,"href":"https:\/\/quintadobomdespacho.com\/fr\/wp-json\/wp\/v2\/pages\/3835\/revisions\/4067"}],"wp:featuredmedia":[{"embeddable":true,"href":"https:\/\/quintadobomdespacho.com\/fr\/wp-json\/wp\/v2\/media\/3985"}],"wp:attachment":[{"href":"https:\/\/quintadobomdespacho.com\/fr\/wp-json\/wp\/v2\/media?parent=3835"}],"curies":[{"name":"wp","href":"https:\/\/api.w.org\/{rel}","templated":true}]}}