{"id":3890,"date":"2023-10-09T13:13:06","date_gmt":"2023-10-09T13:13:06","guid":{"rendered":"https:\/\/quintadobomdespacho.com\/grupos\/"},"modified":"2024-12-19T13:28:10","modified_gmt":"2024-12-19T13:28:10","slug":"grupos","status":"publish","type":"page","link":"https:\/\/quintadobomdespacho.com\/es\/grupos\/","title":{"rendered":"Grupos"},"content":{"rendered":"<p>De mayo a septiembre, hay 3 formas diferentes de que tu grupo viva (en) la Quinta do Bom Despacho.<\/p>\n","protected":false},"excerpt":{"rendered":"<p>De mayo a septiembre, hay 3 formas diferentes de que tu grupo viva (en) la Quinta do Bom Despacho.<\/p>\n","protected":false},"author":1,"featured_media":3924,"parent":0,"menu_order":0,"comment_status":"closed","ping_status":"closed","template":"template-grupos.php","meta":{"footnotes":""},"class_list":["post-3890","page","type-page","status-publish","has-post-thumbnail","hentry"],"acf":[],"yoast_head":"<!-- This site is optimized with the Yoast SEO plugin v27.1.1 - https:\/\/yoast.com\/product\/yoast-seo-wordpress\/ -->\n<title>Alojamento Sustent\u00e1vel em S\u00e3o Miguel - Grupos - Quinta do Bom Despacho<\/title>\n<meta name=\"description\" content=\"Alojamento sustent\u00e1vel em S\u00e3o Miguel. De Maio a Setembro, h\u00e1 3 formas diferentes de o teu grupo viver (n)a Quinta do Bom Despacho.\" \/>\n<meta name=\"robots\" content=\"index, follow, max-snippet:-1, max-image-preview:large, max-video-preview:-1\" \/>\n<link rel=\"canonical\" href=\"https:\/\/quintadobomdespacho.com\/es\/grupos\/\" \/>\n<meta property=\"og:locale\" content=\"es_ES\" \/>\n<meta property=\"og:type\" content=\"article\" \/>\n<meta property=\"og:title\" content=\"Alojamento Sustent\u00e1vel em S\u00e3o Miguel - Grupos - Quinta do Bom Despacho\" \/>\n<meta property=\"og:description\" content=\"Alojamento sustent\u00e1vel em S\u00e3o Miguel. De Maio a Setembro, h\u00e1 3 formas diferentes de o teu grupo viver (n)a Quinta do Bom Despacho.\" \/>\n<meta property=\"og:url\" content=\"https:\/\/quintadobomdespacho.com\/es\/grupos\/\" \/>\n<meta property=\"og:site_name\" content=\"Quinta do Bom Despacho\" \/>\n<meta property=\"article:modified_time\" content=\"2024-12-19T13:28:10+00:00\" \/>\n<meta property=\"og:image\" content=\"https:\/\/quintadobomdespacho.com\/wp-content\/uploads\/2024\/03\/p1000107-scaled.jpg\" \/>\n\t<meta property=\"og:image:width\" content=\"2560\" \/>\n\t<meta property=\"og:image:height\" content=\"1440\" \/>\n\t<meta property=\"og:image:type\" content=\"image\/jpeg\" \/>\n<meta name=\"twitter:card\" content=\"summary_large_image\" \/>\n<meta name=\"twitter:label1\" content=\"Tiempo de lectura\" \/>\n\t<meta name=\"twitter:data1\" content=\"1 minuto\" \/>\n<script type=\"application\/ld+json\" class=\"yoast-schema-graph\">{\"@context\":\"https:\/\/schema.org\",\"@graph\":[{\"@type\":\"WebPage\",\"@id\":\"https:\/\/quintadobomdespacho.com\/es\/grupos\/\",\"url\":\"https:\/\/quintadobomdespacho.com\/es\/grupos\/\",\"name\":\"Alojamento Sustent\u00e1vel em S\u00e3o Miguel - Grupos - Quinta do Bom Despacho\",\"isPartOf\":{\"@id\":\"https:\/\/quintadobomdespacho.com\/es\/#website\"},\"primaryImageOfPage\":{\"@id\":\"https:\/\/quintadobomdespacho.com\/es\/grupos\/#primaryimage\"},\"image\":{\"@id\":\"https:\/\/quintadobomdespacho.com\/es\/grupos\/#primaryimage\"},\"thumbnailUrl\":\"https:\/\/quintadobomdespacho.com\/wp-content\/uploads\/2024\/03\/p1000107-scaled.jpg\",\"datePublished\":\"2023-10-09T13:13:06+00:00\",\"dateModified\":\"2024-12-19T13:28:10+00:00\",\"description\":\"Alojamento sustent\u00e1vel em S\u00e3o Miguel. De Maio a Setembro, h\u00e1 3 formas diferentes de o teu grupo viver (n)a Quinta do Bom Despacho.\",\"breadcrumb\":{\"@id\":\"https:\/\/quintadobomdespacho.com\/es\/grupos\/#breadcrumb\"},\"inLanguage\":\"es\",\"potentialAction\":[{\"@type\":\"ReadAction\",\"target\":[\"https:\/\/quintadobomdespacho.com\/es\/grupos\/\"]}]},{\"@type\":\"ImageObject\",\"inLanguage\":\"es\",\"@id\":\"https:\/\/quintadobomdespacho.com\/es\/grupos\/#primaryimage\",\"url\":\"https:\/\/quintadobomdespacho.com\/wp-content\/uploads\/2024\/03\/p1000107-scaled.jpg\",\"contentUrl\":\"https:\/\/quintadobomdespacho.com\/wp-content\/uploads\/2024\/03\/p1000107-scaled.jpg\",\"width\":2560,\"height\":1440,\"caption\":\"alojamento sustent\u00e1vel\"},{\"@type\":\"BreadcrumbList\",\"@id\":\"https:\/\/quintadobomdespacho.com\/es\/grupos\/#breadcrumb\",\"itemListElement\":[{\"@type\":\"ListItem\",\"position\":1,\"name\":\"Home\",\"item\":\"https:\/\/quintadobomdespacho.com\/es\/\"},{\"@type\":\"ListItem\",\"position\":2,\"name\":\"Grupos\"}]},{\"@type\":\"WebSite\",\"@id\":\"https:\/\/quintadobomdespacho.com\/es\/#website\",\"url\":\"https:\/\/quintadobomdespacho.com\/es\/\",\"name\":\"Quinta do Bom Despacho\",\"description\":\"Alojamiento sostenible\",\"potentialAction\":[{\"@type\":\"SearchAction\",\"target\":{\"@type\":\"EntryPoint\",\"urlTemplate\":\"https:\/\/quintadobomdespacho.com\/es\/?s={search_term_string}\"},\"query-input\":{\"@type\":\"PropertyValueSpecification\",\"valueRequired\":true,\"valueName\":\"search_term_string\"}}],\"inLanguage\":\"es\"}]}<\/script>\n<!-- \/ Yoast SEO plugin. -->","yoast_head_json":{"title":"Alojamento Sustent\u00e1vel em S\u00e3o Miguel - Grupos - Quinta do Bom Despacho","description":"Alojamento sustent\u00e1vel em S\u00e3o Miguel. De Maio a Setembro, h\u00e1 3 formas diferentes de o teu grupo viver (n)a Quinta do Bom Despacho.","robots":{"index":"index","follow":"follow","max-snippet":"max-snippet:-1","max-image-preview":"max-image-preview:large","max-video-preview":"max-video-preview:-1"},"canonical":"https:\/\/quintadobomdespacho.com\/es\/grupos\/","og_locale":"es_ES","og_type":"article","og_title":"Alojamento Sustent\u00e1vel em S\u00e3o Miguel - Grupos - Quinta do Bom Despacho","og_description":"Alojamento sustent\u00e1vel em S\u00e3o Miguel. De Maio a Setembro, h\u00e1 3 formas diferentes de o teu grupo viver (n)a Quinta do Bom Despacho.","og_url":"https:\/\/quintadobomdespacho.com\/es\/grupos\/","og_site_name":"Quinta do Bom Despacho","article_modified_time":"2024-12-19T13:28:10+00:00","og_image":[{"width":2560,"height":1440,"url":"https:\/\/quintadobomdespacho.com\/wp-content\/uploads\/2024\/03\/p1000107-scaled.jpg","type":"image\/jpeg"}],"twitter_card":"summary_large_image","twitter_misc":{"Tiempo de lectura":"1 minuto"},"schema":{"@context":"https:\/\/schema.org","@graph":[{"@type":"WebPage","@id":"https:\/\/quintadobomdespacho.com\/es\/grupos\/","url":"https:\/\/quintadobomdespacho.com\/es\/grupos\/","name":"Alojamento Sustent\u00e1vel em S\u00e3o Miguel - Grupos - Quinta do Bom Despacho","isPartOf":{"@id":"https:\/\/quintadobomdespacho.com\/es\/#website"},"primaryImageOfPage":{"@id":"https:\/\/quintadobomdespacho.com\/es\/grupos\/#primaryimage"},"image":{"@id":"https:\/\/quintadobomdespacho.com\/es\/grupos\/#primaryimage"},"thumbnailUrl":"https:\/\/quintadobomdespacho.com\/wp-content\/uploads\/2024\/03\/p1000107-scaled.jpg","datePublished":"2023-10-09T13:13:06+00:00","dateModified":"2024-12-19T13:28:10+00:00","description":"Alojamento sustent\u00e1vel em S\u00e3o Miguel. De Maio a Setembro, h\u00e1 3 formas diferentes de o teu grupo viver (n)a Quinta do Bom Despacho.","breadcrumb":{"@id":"https:\/\/quintadobomdespacho.com\/es\/grupos\/#breadcrumb"},"inLanguage":"es","potentialAction":[{"@type":"ReadAction","target":["https:\/\/quintadobomdespacho.com\/es\/grupos\/"]}]},{"@type":"ImageObject","inLanguage":"es","@id":"https:\/\/quintadobomdespacho.com\/es\/grupos\/#primaryimage","url":"https:\/\/quintadobomdespacho.com\/wp-content\/uploads\/2024\/03\/p1000107-scaled.jpg","contentUrl":"https:\/\/quintadobomdespacho.com\/wp-content\/uploads\/2024\/03\/p1000107-scaled.jpg","width":2560,"height":1440,"caption":"alojamento sustent\u00e1vel"},{"@type":"BreadcrumbList","@id":"https:\/\/quintadobomdespacho.com\/es\/grupos\/#breadcrumb","itemListElement":[{"@type":"ListItem","position":1,"name":"Home","item":"https:\/\/quintadobomdespacho.com\/es\/"},{"@type":"ListItem","position":2,"name":"Grupos"}]},{"@type":"WebSite","@id":"https:\/\/quintadobomdespacho.com\/es\/#website","url":"https:\/\/quintadobomdespacho.com\/es\/","name":"Quinta do Bom Despacho","description":"Alojamiento sostenible","potentialAction":[{"@type":"SearchAction","target":{"@type":"EntryPoint","urlTemplate":"https:\/\/quintadobomdespacho.com\/es\/?s={search_term_string}"},"query-input":{"@type":"PropertyValueSpecification","valueRequired":true,"valueName":"search_term_string"}}],"inLanguage":"es"}]}},"_links":{"self":[{"href":"https:\/\/quintadobomdespacho.com\/es\/wp-json\/wp\/v2\/pages\/3890","targetHints":{"allow":["GET"]}}],"collection":[{"href":"https:\/\/quintadobomdespacho.com\/es\/wp-json\/wp\/v2\/pages"}],"about":[{"href":"https:\/\/quintadobomdespacho.com\/es\/wp-json\/wp\/v2\/types\/page"}],"author":[{"embeddable":true,"href":"https:\/\/quintadobomdespacho.com\/es\/wp-json\/wp\/v2\/users\/1"}],"replies":[{"embeddable":true,"href":"https:\/\/quintadobomdespacho.com\/es\/wp-json\/wp\/v2\/comments?post=3890"}],"version-history":[{"count":11,"href":"https:\/\/quintadobomdespacho.com\/es\/wp-json\/wp\/v2\/pages\/3890\/revisions"}],"predecessor-version":[{"id":5940,"href":"https:\/\/quintadobomdespacho.com\/es\/wp-json\/wp\/v2\/pages\/3890\/revisions\/5940"}],"wp:featuredmedia":[{"embeddable":true,"href":"https:\/\/quintadobomdespacho.com\/es\/wp-json\/wp\/v2\/media\/3924"}],"wp:attachment":[{"href":"https:\/\/quintadobomdespacho.com\/es\/wp-json\/wp\/v2\/media?parent=3890"}],"curies":[{"name":"wp","href":"https:\/\/api.w.org\/{rel}","templated":true}]}}