{"id":3869,"date":"2023-10-09T10:03:56","date_gmt":"2023-10-09T10:03:56","guid":{"rendered":"https:\/\/quintadobomdespacho.com\/retiros\/"},"modified":"2024-08-27T16:49:55","modified_gmt":"2024-08-27T16:49:55","slug":"retiros","status":"publish","type":"page","link":"https:\/\/quintadobomdespacho.com\/es\/retiros\/","title":{"rendered":"Retiros"},"content":{"rendered":"<p>M\u00e1s de 8.000 m2 de opciones (casi) ilimitadas para un m\u00e1ximo de 20 personas.<br \/>\nEl escenario perfecto para refugiarse de la acelerada vida moderna.<\/p>\n","protected":false},"excerpt":{"rendered":"<p>M\u00e1s de 8.000 m2 de opciones (casi) ilimitadas para un m\u00e1ximo de 20 personas. El escenario perfecto para refugiarse de la acelerada vida moderna.<\/p>\n","protected":false},"author":1,"featured_media":0,"parent":0,"menu_order":0,"comment_status":"closed","ping_status":"closed","template":"template-retiros.php","meta":{"footnotes":""},"class_list":["post-3869","page","type-page","status-publish","hentry"],"acf":[],"yoast_head":"<!-- This site is optimized with the Yoast SEO plugin v27.1.1 - https:\/\/yoast.com\/product\/yoast-seo-wordpress\/ -->\n<title>Retiros em S\u00e3o Miguel - Alojamento Ecol\u00f3gico - Quinta do Bom Despacho<\/title>\n<meta name=\"description\" content=\"Procuras por retiros em S\u00e3o Miguel? Temos o cen\u00e1rio perfeito para o seu ref\u00fagio. Sabe aqui o que temos para te oferecer.\" \/>\n<meta name=\"robots\" content=\"index, follow, max-snippet:-1, max-image-preview:large, max-video-preview:-1\" \/>\n<link rel=\"canonical\" href=\"https:\/\/quintadobomdespacho.com\/es\/retiros\/\" \/>\n<meta property=\"og:locale\" content=\"es_ES\" \/>\n<meta property=\"og:type\" content=\"article\" \/>\n<meta property=\"og:title\" content=\"Retiros em S\u00e3o Miguel - Alojamento Ecol\u00f3gico - Quinta do Bom Despacho\" \/>\n<meta property=\"og:description\" content=\"Procuras por retiros em S\u00e3o Miguel? Temos o cen\u00e1rio perfeito para o seu ref\u00fagio. Sabe aqui o que temos para te oferecer.\" \/>\n<meta property=\"og:url\" content=\"https:\/\/quintadobomdespacho.com\/es\/retiros\/\" \/>\n<meta property=\"og:site_name\" content=\"Quinta do Bom Despacho\" \/>\n<meta property=\"article:modified_time\" content=\"2024-08-27T16:49:55+00:00\" \/>\n<meta name=\"twitter:card\" content=\"summary_large_image\" \/>\n<meta name=\"twitter:label1\" content=\"Tiempo de lectura\" \/>\n\t<meta name=\"twitter:data1\" content=\"1 minuto\" \/>\n<script type=\"application\/ld+json\" class=\"yoast-schema-graph\">{\"@context\":\"https:\/\/schema.org\",\"@graph\":[{\"@type\":\"WebPage\",\"@id\":\"https:\/\/quintadobomdespacho.com\/es\/retiros\/\",\"url\":\"https:\/\/quintadobomdespacho.com\/es\/retiros\/\",\"name\":\"Retiros em S\u00e3o Miguel - Alojamento Ecol\u00f3gico - Quinta do Bom Despacho\",\"isPartOf\":{\"@id\":\"https:\/\/quintadobomdespacho.com\/es\/#website\"},\"datePublished\":\"2023-10-09T10:03:56+00:00\",\"dateModified\":\"2024-08-27T16:49:55+00:00\",\"description\":\"Procuras por retiros em S\u00e3o Miguel? Temos o cen\u00e1rio perfeito para o seu ref\u00fagio. Sabe aqui o que temos para te oferecer.\",\"breadcrumb\":{\"@id\":\"https:\/\/quintadobomdespacho.com\/es\/retiros\/#breadcrumb\"},\"inLanguage\":\"es\",\"potentialAction\":[{\"@type\":\"ReadAction\",\"target\":[\"https:\/\/quintadobomdespacho.com\/es\/retiros\/\"]}]},{\"@type\":\"BreadcrumbList\",\"@id\":\"https:\/\/quintadobomdespacho.com\/es\/retiros\/#breadcrumb\",\"itemListElement\":[{\"@type\":\"ListItem\",\"position\":1,\"name\":\"Home\",\"item\":\"https:\/\/quintadobomdespacho.com\/es\/\"},{\"@type\":\"ListItem\",\"position\":2,\"name\":\"Retiros\"}]},{\"@type\":\"WebSite\",\"@id\":\"https:\/\/quintadobomdespacho.com\/es\/#website\",\"url\":\"https:\/\/quintadobomdespacho.com\/es\/\",\"name\":\"Quinta do Bom Despacho\",\"description\":\"Alojamiento sostenible\",\"potentialAction\":[{\"@type\":\"SearchAction\",\"target\":{\"@type\":\"EntryPoint\",\"urlTemplate\":\"https:\/\/quintadobomdespacho.com\/es\/?s={search_term_string}\"},\"query-input\":{\"@type\":\"PropertyValueSpecification\",\"valueRequired\":true,\"valueName\":\"search_term_string\"}}],\"inLanguage\":\"es\"}]}<\/script>\n<!-- \/ Yoast SEO plugin. -->","yoast_head_json":{"title":"Retiros em S\u00e3o Miguel - Alojamento Ecol\u00f3gico - Quinta do Bom Despacho","description":"Procuras por retiros em S\u00e3o Miguel? Temos o cen\u00e1rio perfeito para o seu ref\u00fagio. Sabe aqui o que temos para te oferecer.","robots":{"index":"index","follow":"follow","max-snippet":"max-snippet:-1","max-image-preview":"max-image-preview:large","max-video-preview":"max-video-preview:-1"},"canonical":"https:\/\/quintadobomdespacho.com\/es\/retiros\/","og_locale":"es_ES","og_type":"article","og_title":"Retiros em S\u00e3o Miguel - Alojamento Ecol\u00f3gico - Quinta do Bom Despacho","og_description":"Procuras por retiros em S\u00e3o Miguel? Temos o cen\u00e1rio perfeito para o seu ref\u00fagio. Sabe aqui o que temos para te oferecer.","og_url":"https:\/\/quintadobomdespacho.com\/es\/retiros\/","og_site_name":"Quinta do Bom Despacho","article_modified_time":"2024-08-27T16:49:55+00:00","twitter_card":"summary_large_image","twitter_misc":{"Tiempo de lectura":"1 minuto"},"schema":{"@context":"https:\/\/schema.org","@graph":[{"@type":"WebPage","@id":"https:\/\/quintadobomdespacho.com\/es\/retiros\/","url":"https:\/\/quintadobomdespacho.com\/es\/retiros\/","name":"Retiros em S\u00e3o Miguel - Alojamento Ecol\u00f3gico - Quinta do Bom Despacho","isPartOf":{"@id":"https:\/\/quintadobomdespacho.com\/es\/#website"},"datePublished":"2023-10-09T10:03:56+00:00","dateModified":"2024-08-27T16:49:55+00:00","description":"Procuras por retiros em S\u00e3o Miguel? Temos o cen\u00e1rio perfeito para o seu ref\u00fagio. Sabe aqui o que temos para te oferecer.","breadcrumb":{"@id":"https:\/\/quintadobomdespacho.com\/es\/retiros\/#breadcrumb"},"inLanguage":"es","potentialAction":[{"@type":"ReadAction","target":["https:\/\/quintadobomdespacho.com\/es\/retiros\/"]}]},{"@type":"BreadcrumbList","@id":"https:\/\/quintadobomdespacho.com\/es\/retiros\/#breadcrumb","itemListElement":[{"@type":"ListItem","position":1,"name":"Home","item":"https:\/\/quintadobomdespacho.com\/es\/"},{"@type":"ListItem","position":2,"name":"Retiros"}]},{"@type":"WebSite","@id":"https:\/\/quintadobomdespacho.com\/es\/#website","url":"https:\/\/quintadobomdespacho.com\/es\/","name":"Quinta do Bom Despacho","description":"Alojamiento sostenible","potentialAction":[{"@type":"SearchAction","target":{"@type":"EntryPoint","urlTemplate":"https:\/\/quintadobomdespacho.com\/es\/?s={search_term_string}"},"query-input":{"@type":"PropertyValueSpecification","valueRequired":true,"valueName":"search_term_string"}}],"inLanguage":"es"}]}},"_links":{"self":[{"href":"https:\/\/quintadobomdespacho.com\/es\/wp-json\/wp\/v2\/pages\/3869","targetHints":{"allow":["GET"]}}],"collection":[{"href":"https:\/\/quintadobomdespacho.com\/es\/wp-json\/wp\/v2\/pages"}],"about":[{"href":"https:\/\/quintadobomdespacho.com\/es\/wp-json\/wp\/v2\/types\/page"}],"author":[{"embeddable":true,"href":"https:\/\/quintadobomdespacho.com\/es\/wp-json\/wp\/v2\/users\/1"}],"replies":[{"embeddable":true,"href":"https:\/\/quintadobomdespacho.com\/es\/wp-json\/wp\/v2\/comments?post=3869"}],"version-history":[{"count":4,"href":"https:\/\/quintadobomdespacho.com\/es\/wp-json\/wp\/v2\/pages\/3869\/revisions"}],"predecessor-version":[{"id":5565,"href":"https:\/\/quintadobomdespacho.com\/es\/wp-json\/wp\/v2\/pages\/3869\/revisions\/5565"}],"wp:attachment":[{"href":"https:\/\/quintadobomdespacho.com\/es\/wp-json\/wp\/v2\/media?parent=3869"}],"curies":[{"name":"wp","href":"https:\/\/api.w.org\/{rel}","templated":true}]}}