{"id":3860,"date":"2023-10-16T08:49:24","date_gmt":"2023-10-16T08:49:24","guid":{"rendered":"https:\/\/quintadobomdespacho.com\/ecoliving\/guidelines\/"},"modified":"2024-10-03T17:39:39","modified_gmt":"2024-10-03T17:39:39","slug":"guidelines","status":"publish","type":"page","link":"https:\/\/quintadobomdespacho.com\/es\/ecoliving-2\/guidelines\/","title":{"rendered":"Directrices del Ecoliving"},"content":{"rendered":"<p>&nbsp;<br \/>\nEstas Directrices se compilaron con la cooperaci\u00f3n de Co-livers anteriores que estuvieron con nosotros en el pasado.<\/p>\n<p>&nbsp;<\/p>\n<h3><strong>COMUNIDAD<\/strong><\/h3>\n<p>Acogemos a residentes respetuosos y considerados. Nos tomamos tiempo para presentarnos<br \/>\ny conocer a los dem\u00e1s miembros de la comunidad. Creemos que una peque\u00f1a conversaci\u00f3n es la<br \/>\nfuerza que mantiene el mundo girando y que un \u00ab\u00a1hola!\u00bb por s\u00ed solo no es lo mejor que podemos hacer. No<br \/>\ntenemos que hacernos mejores amigos de todo el mundo, pero nos aseguramos de que la gente se sienta segura y feliz<br \/>\ncon nosotros entablando conversaciones y mostrando inter\u00e9s por los dem\u00e1s. No necesitamos<br \/>\nsonre\u00edr todo el tiempo, pero sabemos reconocer los momentos en los que una sonrisa puede marcar la diferencia.<\/h3>\n<h3><strong>SOSTENIBILIDAD ECOL\u00d3GICA<\/strong><\/h3>\n<p>Quinta do Bom Despacho es una referencia internacional en alojamiento sostenible y la sostenibilidad<br \/>\nest\u00e1 en el centro de todo lo que concebimos y pretendemos. Hacemos compost, apagamos las luces<br \/>\ncuando no las usamos, tomamos duchas m\u00e1s cortas y ahorramos agua y electricidad cumpliendo los<br \/>\nhorarios de ahorro de energ\u00eda en las lavadoras y secadoras. Los viajes y el transporte mar\u00edtimo son<br \/>\nindustrias con un alto y negativo impacto social y medioambiental, por eso intentamos compensar<br \/>\nesos efectos negativos comprando productos locales siempre que sea posible.<\/p>\n<h3><strong>NORMAS DE LA CASA<\/strong><\/h3>\n<p>Somos conscientes de la limpieza y el orden de los espacios compartidos y siempre limpiamos y<br \/>\nrecogemos lo que ensuciamos en el momento oportuno. Esta etiqueta se aplica especialmente a la cocina,<br \/>\nba\u00f1os y zonas de trabajo compartidas, pero tambi\u00e9n a nuestras habitaciones compartidas. Respetamos a nuestros<br \/>\ncompa\u00f1eros de casa prestando atenci\u00f3n a las etiquetas de la despensa, el frigor\u00edfico y el cuarto de ba\u00f1o,<br \/>\ny no cogemos nada prestado sin preguntar antes.<\/p>\n<h3><strong>RESPONSABILIDAD<\/strong><\/h3>\n<p>Si hay algo que se tiene que hacer, soy yo quien puede hacerlo. \u00abEso\u00bb pueden ser muchas<br \/>\ncosas peque\u00f1as que hacen que la vida en una casa compartida vaya sobre ruedas: cambiar el papel higi\u00e9nico<br \/>\ncuando se acaba el rollo, sacar la basura, avisar al encargado de la casa cuando los granos de caf\u00e9<br \/>\nempiezan a escasear. Nos aseguramos de dejar las puertas y ventanas bien cerradas al salir<br \/>\nde la casa.<\/p>\n<h3><strong>RITMOS DE LA CASA Y DEL TRABAJO<\/strong><\/h3>\n<p>Respetamos los ritmos circadianos y laborales de los dem\u00e1s. Nuestra casa entra en modo sue\u00f1o a las<br \/>\n10 de la noche y permanece as\u00ed hasta las 8 de la ma\u00f1ana. Durante ese tiempo, tocamos las puertas con suavidad, mantenemos nuestras<br \/>\nconversaciones y los dispositivos en voz baja y no organizamos fiestas, cenas largas ni socializamos<br \/>\nen voz alta. Reconocemos que algunos de nosotros no vivimos seg\u00fan la divisi\u00f3n convencional de semana laboral y fin de semana,<br \/>\npor eso estas directrices se aplican los siete d\u00edas de la semana. Los trabajadores nocturnos<br \/>\nque realizan su trabajo en las zonas habilitadas para ello. Cuando queremos celebrar un acontecimiento especial,<br \/>\ncumplea\u00f1os o una barbacoa, nos aseguramos de que todo el mundo no solo est\u00e9 notificado, sino que tambi\u00e9n est\u00e9 de acuerdo.<br \/>\nLa mejor manera es invitar a todo el mundo.<\/p>\n<h3><strong>ETIQUETA DE INTERNET Y DISPOSITIVOS<\/strong><\/h3>\n<p>Todos somos n\u00f3madas digitales y trabajadores remotos, por lo que dependemos en gran medida del acceso a Internet y de su<br \/>\nvelocidad. Queremos tener en cuenta los trabajos de algunas personas que pueden requerir una velocidad de Internet<br \/>\nmejor que la nuestra, no descargando todas nuestras pel\u00edculas y series de televisi\u00f3n, sino transmiti\u00e9ndolas<br \/>\nen su lugar. No escuchamos m\u00fasica ni vemos pel\u00edculas en nuestros altavoces, sino que utilizamos auriculares.<br \/>\nNo mantenemos conversaciones telef\u00f3nicas en las zonas habilitadas para el trabajo ni en voz alta en<br \/>\nlas zonas comunes. Nuestros tel\u00e9fonos est\u00e1n en silencio o en vibraci\u00f3n cuando trabajamos en las zonas comunes.<br \/>\nEn las habitaciones compartidas, dejamos que el despertador suene s\u00f3lo una vez cada ma\u00f1ana, aunque eso<br \/>\nsignifica que finalmente tenemos que abandonar nuestro h\u00e1bito de snooze. Tenemos reuniones de trabajo y personales<br \/>\nen la sala de reuniones o en otro espacio disponible para uso privado.<\/p>\n<h3><strong>COMUNICACI\u00d3N<\/strong><\/h3>\n<p>Cuando surgen conflictos, nos comunicamos. Afrontamos los problemas sin rodeos, en lugar de<br \/>\nque guardar rencor o volvernos pasivo-agresivos hacia una persona de la que sospechamos que no<br \/>\ncumple las normas comunitarias. Si el problema persiste y la comunicaci\u00f3n<br \/>\nno lo resuelve, involucramos al administrador de la casa.<\/p>\n<h3><strong>REGISTRO<\/strong><\/h3>\n<p>A su llegada se le solicitar\u00e1 que se registre leyendo y firmando el documento<br \/>\n<a href=\"https:\/\/quintadobomdespacho.com\/wp-content\/uploads\/2024\/10\/es-codigo-de-conducta-de-la-comunidad-ecoliving.pdf\" target=\"_blank\" rel=\"noopener\">C\u00f3digo de Conducta Comunitaria<\/a> y proporcionando una identificaci\u00f3n v\u00e1lida (DNI o Pasaporte).<\/p>\n<p>&#8230;..<\/p>\n<p>Gracias por ayudarnos a mantener esta comunidad y nuestra casa en funcionamiento sostenible.<br \/>\nEstas directrices pueden cambiar con el tiempo, aseg\u00farate de revisarlas regularmente.<br \/>\n\u00a1Eres genial!<\/p>\n<p>&nbsp;<\/p>\n<p>A tu disposici\u00f3n,<\/p>\n<p>El equipo de Quinta do Bom Despacho.<\/p>\n<p>&nbsp;<\/p>\n<p>\u00daltima actualizaci\u00f3n en September de 2024<\/p>\n","protected":false},"excerpt":{"rendered":"<p>&nbsp; Estas Directrices se compilaron con la cooperaci\u00f3n de Co-livers anteriores que estuvieron con nosotros en el pasado. &nbsp; COMUNIDAD Acogemos a residentes respetuosos y considerados. Nos tomamos tiempo para presentarnos y conocer a los dem\u00e1s miembros de la comunidad. Creemos que una peque\u00f1a conversaci\u00f3n es la fuerza que mantiene el mundo girando y que [&hellip;]<\/p>\n","protected":false},"author":1,"featured_media":0,"parent":3856,"menu_order":0,"comment_status":"closed","ping_status":"closed","template":"","meta":{"footnotes":""},"class_list":["post-3860","page","type-page","status-publish","hentry"],"acf":[],"yoast_head":"<!-- This site is optimized with the Yoast SEO plugin v27.1.1 - https:\/\/yoast.com\/product\/yoast-seo-wordpress\/ -->\n<title>Termos e Condi\u00e7\u00f5es - Alojamento Ecol\u00f3gico - Quinta do Bom Despacho<\/title>\n<meta name=\"description\" content=\"L\u00ea atentamente os Termos e Condi\u00e7\u00f5es Gerais de utiliza\u00e7\u00e3o do nosso website. Em caso de d\u00favida, n\u00e3o hesite em contactar-nos!\" \/>\n<meta name=\"robots\" content=\"index, follow, max-snippet:-1, max-image-preview:large, max-video-preview:-1\" \/>\n<link rel=\"canonical\" href=\"https:\/\/quintadobomdespacho.com\/es\/ecoliving-2\/guidelines\/\" \/>\n<meta property=\"og:locale\" content=\"es_ES\" \/>\n<meta property=\"og:type\" content=\"article\" \/>\n<meta property=\"og:title\" content=\"Termos e Condi\u00e7\u00f5es - Alojamento Ecol\u00f3gico - Quinta do Bom Despacho\" \/>\n<meta property=\"og:description\" content=\"L\u00ea atentamente os Termos e Condi\u00e7\u00f5es Gerais de utiliza\u00e7\u00e3o do nosso website. Em caso de d\u00favida, n\u00e3o hesite em contactar-nos!\" \/>\n<meta property=\"og:url\" content=\"https:\/\/quintadobomdespacho.com\/es\/ecoliving-2\/guidelines\/\" \/>\n<meta property=\"og:site_name\" content=\"Quinta do Bom Despacho\" \/>\n<meta property=\"article:modified_time\" content=\"2024-10-03T17:39:39+00:00\" \/>\n<meta name=\"twitter:card\" content=\"summary_large_image\" \/>\n<meta name=\"twitter:label1\" content=\"Tiempo de lectura\" \/>\n\t<meta name=\"twitter:data1\" content=\"5 minutos\" \/>\n<script type=\"application\/ld+json\" class=\"yoast-schema-graph\">{\"@context\":\"https:\/\/schema.org\",\"@graph\":[{\"@type\":\"WebPage\",\"@id\":\"https:\/\/quintadobomdespacho.com\/es\/ecoliving-2\/guidelines\/\",\"url\":\"https:\/\/quintadobomdespacho.com\/es\/ecoliving-2\/guidelines\/\",\"name\":\"Termos e Condi\u00e7\u00f5es - Alojamento Ecol\u00f3gico - Quinta do Bom Despacho\",\"isPartOf\":{\"@id\":\"https:\/\/quintadobomdespacho.com\/es\/#website\"},\"datePublished\":\"2023-10-16T08:49:24+00:00\",\"dateModified\":\"2024-10-03T17:39:39+00:00\",\"description\":\"L\u00ea atentamente os Termos e Condi\u00e7\u00f5es Gerais de utiliza\u00e7\u00e3o do nosso website. Em caso de d\u00favida, n\u00e3o hesite em contactar-nos!\",\"breadcrumb\":{\"@id\":\"https:\/\/quintadobomdespacho.com\/es\/ecoliving-2\/guidelines\/#breadcrumb\"},\"inLanguage\":\"es\",\"potentialAction\":[{\"@type\":\"ReadAction\",\"target\":[\"https:\/\/quintadobomdespacho.com\/es\/ecoliving-2\/guidelines\/\"]}]},{\"@type\":\"BreadcrumbList\",\"@id\":\"https:\/\/quintadobomdespacho.com\/es\/ecoliving-2\/guidelines\/#breadcrumb\",\"itemListElement\":[{\"@type\":\"ListItem\",\"position\":1,\"name\":\"Home\",\"item\":\"https:\/\/quintadobomdespacho.com\/es\/\"},{\"@type\":\"ListItem\",\"position\":2,\"name\":\"Ecoliving\",\"item\":\"https:\/\/quintadobomdespacho.com\/es\/ecoliving-2\/\"},{\"@type\":\"ListItem\",\"position\":3,\"name\":\"Directrices del Ecoliving\"}]},{\"@type\":\"WebSite\",\"@id\":\"https:\/\/quintadobomdespacho.com\/es\/#website\",\"url\":\"https:\/\/quintadobomdespacho.com\/es\/\",\"name\":\"Quinta do Bom Despacho\",\"description\":\"Alojamiento sostenible\",\"potentialAction\":[{\"@type\":\"SearchAction\",\"target\":{\"@type\":\"EntryPoint\",\"urlTemplate\":\"https:\/\/quintadobomdespacho.com\/es\/?s={search_term_string}\"},\"query-input\":{\"@type\":\"PropertyValueSpecification\",\"valueRequired\":true,\"valueName\":\"search_term_string\"}}],\"inLanguage\":\"es\"}]}<\/script>\n<!-- \/ Yoast SEO plugin. -->","yoast_head_json":{"title":"Termos e Condi\u00e7\u00f5es - Alojamento Ecol\u00f3gico - Quinta do Bom Despacho","description":"L\u00ea atentamente os Termos e Condi\u00e7\u00f5es Gerais de utiliza\u00e7\u00e3o do nosso website. Em caso de d\u00favida, n\u00e3o hesite em contactar-nos!","robots":{"index":"index","follow":"follow","max-snippet":"max-snippet:-1","max-image-preview":"max-image-preview:large","max-video-preview":"max-video-preview:-1"},"canonical":"https:\/\/quintadobomdespacho.com\/es\/ecoliving-2\/guidelines\/","og_locale":"es_ES","og_type":"article","og_title":"Termos e Condi\u00e7\u00f5es - Alojamento Ecol\u00f3gico - Quinta do Bom Despacho","og_description":"L\u00ea atentamente os Termos e Condi\u00e7\u00f5es Gerais de utiliza\u00e7\u00e3o do nosso website. Em caso de d\u00favida, n\u00e3o hesite em contactar-nos!","og_url":"https:\/\/quintadobomdespacho.com\/es\/ecoliving-2\/guidelines\/","og_site_name":"Quinta do Bom Despacho","article_modified_time":"2024-10-03T17:39:39+00:00","twitter_card":"summary_large_image","twitter_misc":{"Tiempo de lectura":"5 minutos"},"schema":{"@context":"https:\/\/schema.org","@graph":[{"@type":"WebPage","@id":"https:\/\/quintadobomdespacho.com\/es\/ecoliving-2\/guidelines\/","url":"https:\/\/quintadobomdespacho.com\/es\/ecoliving-2\/guidelines\/","name":"Termos e Condi\u00e7\u00f5es - Alojamento Ecol\u00f3gico - Quinta do Bom Despacho","isPartOf":{"@id":"https:\/\/quintadobomdespacho.com\/es\/#website"},"datePublished":"2023-10-16T08:49:24+00:00","dateModified":"2024-10-03T17:39:39+00:00","description":"L\u00ea atentamente os Termos e Condi\u00e7\u00f5es Gerais de utiliza\u00e7\u00e3o do nosso website. Em caso de d\u00favida, n\u00e3o hesite em contactar-nos!","breadcrumb":{"@id":"https:\/\/quintadobomdespacho.com\/es\/ecoliving-2\/guidelines\/#breadcrumb"},"inLanguage":"es","potentialAction":[{"@type":"ReadAction","target":["https:\/\/quintadobomdespacho.com\/es\/ecoliving-2\/guidelines\/"]}]},{"@type":"BreadcrumbList","@id":"https:\/\/quintadobomdespacho.com\/es\/ecoliving-2\/guidelines\/#breadcrumb","itemListElement":[{"@type":"ListItem","position":1,"name":"Home","item":"https:\/\/quintadobomdespacho.com\/es\/"},{"@type":"ListItem","position":2,"name":"Ecoliving","item":"https:\/\/quintadobomdespacho.com\/es\/ecoliving-2\/"},{"@type":"ListItem","position":3,"name":"Directrices del Ecoliving"}]},{"@type":"WebSite","@id":"https:\/\/quintadobomdespacho.com\/es\/#website","url":"https:\/\/quintadobomdespacho.com\/es\/","name":"Quinta do Bom Despacho","description":"Alojamiento sostenible","potentialAction":[{"@type":"SearchAction","target":{"@type":"EntryPoint","urlTemplate":"https:\/\/quintadobomdespacho.com\/es\/?s={search_term_string}"},"query-input":{"@type":"PropertyValueSpecification","valueRequired":true,"valueName":"search_term_string"}}],"inLanguage":"es"}]}},"_links":{"self":[{"href":"https:\/\/quintadobomdespacho.com\/es\/wp-json\/wp\/v2\/pages\/3860","targetHints":{"allow":["GET"]}}],"collection":[{"href":"https:\/\/quintadobomdespacho.com\/es\/wp-json\/wp\/v2\/pages"}],"about":[{"href":"https:\/\/quintadobomdespacho.com\/es\/wp-json\/wp\/v2\/types\/page"}],"author":[{"embeddable":true,"href":"https:\/\/quintadobomdespacho.com\/es\/wp-json\/wp\/v2\/users\/1"}],"replies":[{"embeddable":true,"href":"https:\/\/quintadobomdespacho.com\/es\/wp-json\/wp\/v2\/comments?post=3860"}],"version-history":[{"count":19,"href":"https:\/\/quintadobomdespacho.com\/es\/wp-json\/wp\/v2\/pages\/3860\/revisions"}],"predecessor-version":[{"id":5745,"href":"https:\/\/quintadobomdespacho.com\/es\/wp-json\/wp\/v2\/pages\/3860\/revisions\/5745"}],"up":[{"embeddable":true,"href":"https:\/\/quintadobomdespacho.com\/es\/wp-json\/wp\/v2\/pages\/3856"}],"wp:attachment":[{"href":"https:\/\/quintadobomdespacho.com\/es\/wp-json\/wp\/v2\/media?parent=3860"}],"curies":[{"name":"wp","href":"https:\/\/api.w.org\/{rel}","templated":true}]}}