{"id":3846,"date":"2023-10-06T15:27:48","date_gmt":"2023-10-06T15:27:48","guid":{"rendered":"https:\/\/quintadobomdespacho.com\/community-wellbeing\/"},"modified":"2025-09-22T19:59:50","modified_gmt":"2025-09-22T19:59:50","slug":"community-wellbeing","status":"publish","type":"page","link":"https:\/\/quintadobomdespacho.com\/es\/community-wellbeing\/","title":{"rendered":"Community Wellbeing"},"content":{"rendered":"<p>Bienestar f\u00edsico y mental para deconstruir el estr\u00e9s cotidiano.<br \/>\nPromoci\u00f3n de pr\u00e1cticas simples e incentivo a la integraci\u00f3n con la comunidad local.<\/p>\n","protected":false},"excerpt":{"rendered":"<p>Bienestar f\u00edsico y mental para deconstruir el estr\u00e9s cotidiano. Promoci\u00f3n de pr\u00e1cticas simples e incentivo a la integraci\u00f3n con la comunidad local.<\/p>\n","protected":false},"author":1,"featured_media":0,"parent":0,"menu_order":0,"comment_status":"closed","ping_status":"closed","template":"template-communityWellbeing.php","meta":{"footnotes":""},"class_list":["post-3846","page","type-page","status-publish","hentry"],"acf":[],"yoast_head":"<!-- This site is optimized with the Yoast SEO plugin v27.1.1 - https:\/\/yoast.com\/product\/yoast-seo-wordpress\/ -->\n<title>Bienestar de la Comunidad - Alojamiento Ecol\u00f3gico - Quinta do Bom Despacho<\/title>\n<meta name=\"description\" content=\"\u00bfEst\u00e1s motivado por el bienestar de la comunidad? Tenemos una oferta diversificada de pr\u00e1cticas de salud f\u00edsica, mental y espiritual. Conoce m\u00e1s aqu\u00ed.\" \/>\n<meta name=\"robots\" content=\"index, follow, max-snippet:-1, max-image-preview:large, max-video-preview:-1\" \/>\n<link rel=\"canonical\" href=\"https:\/\/quintadobomdespacho.com\/es\/community-wellbeing\/\" \/>\n<meta property=\"og:locale\" content=\"es_ES\" \/>\n<meta property=\"og:type\" content=\"article\" \/>\n<meta property=\"og:title\" content=\"Bienestar de la Comunidad - Alojamiento Ecol\u00f3gico - Quinta do Bom Despacho\" \/>\n<meta property=\"og:description\" content=\"\u00bfEst\u00e1s motivado por el bienestar de la comunidad? Tenemos una oferta diversificada de pr\u00e1cticas de salud f\u00edsica, mental y espiritual. Conoce m\u00e1s aqu\u00ed.\" \/>\n<meta property=\"og:url\" content=\"https:\/\/quintadobomdespacho.com\/es\/community-wellbeing\/\" \/>\n<meta property=\"og:site_name\" content=\"Quinta do Bom Despacho\" \/>\n<meta property=\"article:modified_time\" content=\"2025-09-22T19:59:50+00:00\" \/>\n<meta name=\"twitter:card\" content=\"summary_large_image\" \/>\n<meta name=\"twitter:label1\" content=\"Tiempo de lectura\" \/>\n\t<meta name=\"twitter:data1\" content=\"1 minuto\" \/>\n<script type=\"application\/ld+json\" class=\"yoast-schema-graph\">{\"@context\":\"https:\/\/schema.org\",\"@graph\":[{\"@type\":\"WebPage\",\"@id\":\"https:\/\/quintadobomdespacho.com\/es\/community-wellbeing\/\",\"url\":\"https:\/\/quintadobomdespacho.com\/es\/community-wellbeing\/\",\"name\":\"Bienestar de la Comunidad - Alojamiento Ecol\u00f3gico - Quinta do Bom Despacho\",\"isPartOf\":{\"@id\":\"https:\/\/quintadobomdespacho.com\/es\/#website\"},\"datePublished\":\"2023-10-06T15:27:48+00:00\",\"dateModified\":\"2025-09-22T19:59:50+00:00\",\"description\":\"\u00bfEst\u00e1s motivado por el bienestar de la comunidad? Tenemos una oferta diversificada de pr\u00e1cticas de salud f\u00edsica, mental y espiritual. Conoce m\u00e1s aqu\u00ed.\",\"breadcrumb\":{\"@id\":\"https:\/\/quintadobomdespacho.com\/es\/community-wellbeing\/#breadcrumb\"},\"inLanguage\":\"es\",\"potentialAction\":[{\"@type\":\"ReadAction\",\"target\":[\"https:\/\/quintadobomdespacho.com\/es\/community-wellbeing\/\"]}]},{\"@type\":\"BreadcrumbList\",\"@id\":\"https:\/\/quintadobomdespacho.com\/es\/community-wellbeing\/#breadcrumb\",\"itemListElement\":[{\"@type\":\"ListItem\",\"position\":1,\"name\":\"Home\",\"item\":\"https:\/\/quintadobomdespacho.com\/es\/\"},{\"@type\":\"ListItem\",\"position\":2,\"name\":\"Community Wellbeing\"}]},{\"@type\":\"WebSite\",\"@id\":\"https:\/\/quintadobomdespacho.com\/es\/#website\",\"url\":\"https:\/\/quintadobomdespacho.com\/es\/\",\"name\":\"Quinta do Bom Despacho\",\"description\":\"Alojamiento sostenible\",\"potentialAction\":[{\"@type\":\"SearchAction\",\"target\":{\"@type\":\"EntryPoint\",\"urlTemplate\":\"https:\/\/quintadobomdespacho.com\/es\/?s={search_term_string}\"},\"query-input\":{\"@type\":\"PropertyValueSpecification\",\"valueRequired\":true,\"valueName\":\"search_term_string\"}}],\"inLanguage\":\"es\"}]}<\/script>\n<!-- \/ Yoast SEO plugin. -->","yoast_head_json":{"title":"Bienestar de la Comunidad - Alojamiento Ecol\u00f3gico - Quinta do Bom Despacho","description":"\u00bfEst\u00e1s motivado por el bienestar de la comunidad? Tenemos una oferta diversificada de pr\u00e1cticas de salud f\u00edsica, mental y espiritual. Conoce m\u00e1s aqu\u00ed.","robots":{"index":"index","follow":"follow","max-snippet":"max-snippet:-1","max-image-preview":"max-image-preview:large","max-video-preview":"max-video-preview:-1"},"canonical":"https:\/\/quintadobomdespacho.com\/es\/community-wellbeing\/","og_locale":"es_ES","og_type":"article","og_title":"Bienestar de la Comunidad - Alojamiento Ecol\u00f3gico - Quinta do Bom Despacho","og_description":"\u00bfEst\u00e1s motivado por el bienestar de la comunidad? Tenemos una oferta diversificada de pr\u00e1cticas de salud f\u00edsica, mental y espiritual. Conoce m\u00e1s aqu\u00ed.","og_url":"https:\/\/quintadobomdespacho.com\/es\/community-wellbeing\/","og_site_name":"Quinta do Bom Despacho","article_modified_time":"2025-09-22T19:59:50+00:00","twitter_card":"summary_large_image","twitter_misc":{"Tiempo de lectura":"1 minuto"},"schema":{"@context":"https:\/\/schema.org","@graph":[{"@type":"WebPage","@id":"https:\/\/quintadobomdespacho.com\/es\/community-wellbeing\/","url":"https:\/\/quintadobomdespacho.com\/es\/community-wellbeing\/","name":"Bienestar de la Comunidad - Alojamiento Ecol\u00f3gico - Quinta do Bom Despacho","isPartOf":{"@id":"https:\/\/quintadobomdespacho.com\/es\/#website"},"datePublished":"2023-10-06T15:27:48+00:00","dateModified":"2025-09-22T19:59:50+00:00","description":"\u00bfEst\u00e1s motivado por el bienestar de la comunidad? Tenemos una oferta diversificada de pr\u00e1cticas de salud f\u00edsica, mental y espiritual. Conoce m\u00e1s aqu\u00ed.","breadcrumb":{"@id":"https:\/\/quintadobomdespacho.com\/es\/community-wellbeing\/#breadcrumb"},"inLanguage":"es","potentialAction":[{"@type":"ReadAction","target":["https:\/\/quintadobomdespacho.com\/es\/community-wellbeing\/"]}]},{"@type":"BreadcrumbList","@id":"https:\/\/quintadobomdespacho.com\/es\/community-wellbeing\/#breadcrumb","itemListElement":[{"@type":"ListItem","position":1,"name":"Home","item":"https:\/\/quintadobomdespacho.com\/es\/"},{"@type":"ListItem","position":2,"name":"Community Wellbeing"}]},{"@type":"WebSite","@id":"https:\/\/quintadobomdespacho.com\/es\/#website","url":"https:\/\/quintadobomdespacho.com\/es\/","name":"Quinta do Bom Despacho","description":"Alojamiento sostenible","potentialAction":[{"@type":"SearchAction","target":{"@type":"EntryPoint","urlTemplate":"https:\/\/quintadobomdespacho.com\/es\/?s={search_term_string}"},"query-input":{"@type":"PropertyValueSpecification","valueRequired":true,"valueName":"search_term_string"}}],"inLanguage":"es"}]}},"_links":{"self":[{"href":"https:\/\/quintadobomdespacho.com\/es\/wp-json\/wp\/v2\/pages\/3846","targetHints":{"allow":["GET"]}}],"collection":[{"href":"https:\/\/quintadobomdespacho.com\/es\/wp-json\/wp\/v2\/pages"}],"about":[{"href":"https:\/\/quintadobomdespacho.com\/es\/wp-json\/wp\/v2\/types\/page"}],"author":[{"embeddable":true,"href":"https:\/\/quintadobomdespacho.com\/es\/wp-json\/wp\/v2\/users\/1"}],"replies":[{"embeddable":true,"href":"https:\/\/quintadobomdespacho.com\/es\/wp-json\/wp\/v2\/comments?post=3846"}],"version-history":[{"count":4,"href":"https:\/\/quintadobomdespacho.com\/es\/wp-json\/wp\/v2\/pages\/3846\/revisions"}],"predecessor-version":[{"id":5501,"href":"https:\/\/quintadobomdespacho.com\/es\/wp-json\/wp\/v2\/pages\/3846\/revisions\/5501"}],"wp:attachment":[{"href":"https:\/\/quintadobomdespacho.com\/es\/wp-json\/wp\/v2\/media?parent=3846"}],"curies":[{"name":"wp","href":"https:\/\/api.w.org\/{rel}","templated":true}]}}