{"id":3858,"date":"2023-10-16T08:49:24","date_gmt":"2023-10-16T08:49:24","guid":{"rendered":"https:\/\/quintadobomdespacho.com\/ecoliving\/guidelines\/"},"modified":"2024-10-03T17:27:35","modified_gmt":"2024-10-03T17:27:35","slug":"guidelines","status":"publish","type":"page","link":"https:\/\/quintadobomdespacho.com\/en\/ecoliving-2\/guidelines\/","title":{"rendered":"Ecoliving Guidelines"},"content":{"rendered":"<p>&nbsp;<br \/>\nThese Guidelines were compiled with the cooperation of prior Co-livers that stayed with us in the past.<\/p>\n<p>&nbsp;<\/p>\n<h3><strong>COMMUNITY<\/strong><\/h3>\n<p>We welcome respectful and considerate residents. We take time to properly introduce<br \/>\nourselves and learn about other members of the community. We believe that small talk is the<br \/>\nforce that keeps the world spinning and that \u201chi!\u201d alone isn&#8217;t the best we can do. We don \u0301t<br \/>\nneed to become best friends with everybody, but we make sure people feel secure and happy<br \/>\naround us by starting up conversations and showing interest in each other. We don \u0301t need to<br \/>\nsmile all the time, but we recognize moments when a smile can make all the difference.<\/p>\n<h3><strong>ECO SUSTAINABILITY<\/strong><\/h3>\n<p>Quinta do Bom Despacho is an international reference in sustainable lodging and sustainability<br \/>\nis at the core of everything we conceive and aim for. We compost, turn off lights when not<br \/>\nusing them, take shorter showers and save water and electricity by complying with washing<br \/>\nmachine and dryer energy-saving schedules. Travelling and shipping are industries with high<br \/>\nnegative social and environmental impacts, that \u0301s why we try to even those negative effects<br \/>\nout by buying local produce and products, when possible.<\/p>\n<h3><strong>HOUSE RULES<\/strong><\/h3>\n<p>We are mindful of the cleanliness and order of the shared spaces and we always clean and<br \/>\ntidy up after ourselves in a timely manner. This etiquette especially applies to the kitchen,<br \/>\nbathrooms and shared working areas, but also to our shared bedrooms. We respect our<br \/>\nhousemates \u0301 belongings by paying attention to the labels in the pantry, fridge and bathroom,<br \/>\nand by never borrowing anything without asking first.<\/p>\n<h3><strong>RESPONSIBILITY<\/strong><\/h3>\n<p>If there is something that needs to be done, it is me who can do it. \u201cIt\u201d can be many little<br \/>\nthings that make life in a co-living arrangement run smooth: replacing the toilet paper when<br \/>\nwe finish the roll, taking the trash out, informing the house manager when the coffee beans<br \/>\nstart running low. We make sure to leave the doors and windows securely closed when leaving<br \/>\nthe property.<\/p>\n<h3><strong>HOUSE AND WORK RHYTHMS<\/strong><\/h3>\n<p>We respect each other \u0301s circadian and work rhythms. Our house goes into sleeping mode at<br \/>\n10pm and stays that way until 8AM. During that time we handle doors lightly, we keep our<br \/>\nconversations and devices quiet and we don \u0301t organize parties, long dinners or socialize<br \/>\nloudly. We recognize that some of us don \u0301t live by the conventional workweek and weekend<br \/>\ndivision, that \u0301s why these guidelines apply to all seven days of the week. Night workers make<br \/>\nsure they do their work in the provided working areas. When we want to have a special event,<br \/>\nbirthday gathering or a barbecue, we make sure everybody is not only notified, but also agrees<br \/>\nto it. Best way is by inviting everybody to join.<\/p>\n<h3><strong>INTERNET AND DEVICES ETIQUETTE<\/strong><\/h3>\n<p>We are all digital nomads and remote workers, so we depend heavily on internet access and<br \/>\nspeed. We want to keep mindful about some people \u0301s jobs that might require a better internet<br \/>\nspeed than our own, by not downloading all of our movies and TV series, but stream them<br \/>\ninstead. We don\u2019t listen to music and watch movies on our speakers, but use headphones. We<br \/>\ndo not have phone conversations in areas provided for work and loud phone conversations in<br \/>\nany common areas. Our phones are on silent or on vibrate when working in the common<br \/>\nareas. In shared bedrooms we let our alarm only to go off once every morning, even if that<br \/>\nmeans that we have to finally abandon our snooze habit. We have business and personal<br \/>\nmeetings in the meeting room or another space available for private use.<\/p>\n<h3><strong>COMMUNICATION<\/strong><\/h3>\n<p>When conflicts arise, we communicate. We confront the problems head on, rather than<br \/>\nholding grudges or becoming passive aggressive towards a person who we suspect of not<br \/>\ncomplying with the community guidelines. If the problem is ongoing and communication<br \/>\ndoesn&#8217;t solve it, we involve the house manager.<\/p>\n<h3><strong>REGISTRATION<\/strong><\/h3>\n<p>Upon arrival you will be asked to register by reading and signing the document<br \/>\n<a href=\"https:\/\/quintadobomdespacho.com\/wp-content\/uploads\/2024\/10\/en-community-code-of-conduct-ecoliving.pdf\" target=\"_blank\" rel=\"noopener\">Community Code of Conduct<\/a> and providing Valid Identification (ID or Passport).<\/p>\n<p>&#8230;..<\/p>\n<p>Thank you for helping us to keep this community and our house up and sustainably<br \/>\nrunning! These guidelines can change over time, be sure to check it in a regular basis.<br \/>\nYou&#8217;re awesome!<\/p>\n<p>&nbsp;<\/p>\n<p>Yours,<\/p>\n<p>Quinta do Bom Despacho team.<\/p>\n<p><strong>Last updated on September de 2024<\/strong><\/p>\n","protected":false},"excerpt":{"rendered":"<p>&nbsp; These Guidelines were compiled with the cooperation of prior Co-livers that stayed with us in the past. &nbsp; COMMUNITY We welcome respectful and considerate residents. We take time to properly introduce ourselves and learn about other members of the community. We believe that small talk is the force that keeps the world spinning and [&hellip;]<\/p>\n","protected":false},"author":1,"featured_media":0,"parent":3852,"menu_order":0,"comment_status":"closed","ping_status":"closed","template":"","meta":{"footnotes":""},"class_list":["post-3858","page","type-page","status-publish","hentry"],"acf":[],"yoast_head":"<!-- This site is optimized with the Yoast SEO plugin v27.1.1 - https:\/\/yoast.com\/product\/yoast-seo-wordpress\/ -->\n<title>Termos e Condi\u00e7\u00f5es - Alojamento Ecol\u00f3gico - Quinta do Bom Despacho<\/title>\n<meta name=\"description\" content=\"L\u00ea atentamente os Termos e Condi\u00e7\u00f5es Gerais de utiliza\u00e7\u00e3o do nosso website. Em caso de d\u00favida, n\u00e3o hesite em contactar-nos!\" \/>\n<meta name=\"robots\" content=\"index, follow, max-snippet:-1, max-image-preview:large, max-video-preview:-1\" \/>\n<link rel=\"canonical\" href=\"https:\/\/quintadobomdespacho.com\/en\/ecoliving-2\/guidelines\/\" \/>\n<meta property=\"og:locale\" content=\"en_US\" \/>\n<meta property=\"og:type\" content=\"article\" \/>\n<meta property=\"og:title\" content=\"Termos e Condi\u00e7\u00f5es - Alojamento Ecol\u00f3gico - Quinta do Bom Despacho\" \/>\n<meta property=\"og:description\" content=\"L\u00ea atentamente os Termos e Condi\u00e7\u00f5es Gerais de utiliza\u00e7\u00e3o do nosso website. Em caso de d\u00favida, n\u00e3o hesite em contactar-nos!\" \/>\n<meta property=\"og:url\" content=\"https:\/\/quintadobomdespacho.com\/en\/ecoliving-2\/guidelines\/\" \/>\n<meta property=\"og:site_name\" content=\"Quinta do Bom Despacho\" \/>\n<meta property=\"article:modified_time\" content=\"2024-10-03T17:27:35+00:00\" \/>\n<meta name=\"twitter:card\" content=\"summary_large_image\" \/>\n<meta name=\"twitter:label1\" content=\"Est. reading time\" \/>\n\t<meta name=\"twitter:data1\" content=\"5 minutes\" \/>\n<script type=\"application\/ld+json\" class=\"yoast-schema-graph\">{\"@context\":\"https:\/\/schema.org\",\"@graph\":[{\"@type\":\"WebPage\",\"@id\":\"https:\/\/quintadobomdespacho.com\/en\/ecoliving-2\/guidelines\/\",\"url\":\"https:\/\/quintadobomdespacho.com\/en\/ecoliving-2\/guidelines\/\",\"name\":\"Termos e Condi\u00e7\u00f5es - Alojamento Ecol\u00f3gico - Quinta do Bom Despacho\",\"isPartOf\":{\"@id\":\"https:\/\/quintadobomdespacho.com\/en\/#website\"},\"datePublished\":\"2023-10-16T08:49:24+00:00\",\"dateModified\":\"2024-10-03T17:27:35+00:00\",\"description\":\"L\u00ea atentamente os Termos e Condi\u00e7\u00f5es Gerais de utiliza\u00e7\u00e3o do nosso website. Em caso de d\u00favida, n\u00e3o hesite em contactar-nos!\",\"breadcrumb\":{\"@id\":\"https:\/\/quintadobomdespacho.com\/en\/ecoliving-2\/guidelines\/#breadcrumb\"},\"inLanguage\":\"en-US\",\"potentialAction\":[{\"@type\":\"ReadAction\",\"target\":[\"https:\/\/quintadobomdespacho.com\/en\/ecoliving-2\/guidelines\/\"]}]},{\"@type\":\"BreadcrumbList\",\"@id\":\"https:\/\/quintadobomdespacho.com\/en\/ecoliving-2\/guidelines\/#breadcrumb\",\"itemListElement\":[{\"@type\":\"ListItem\",\"position\":1,\"name\":\"Home\",\"item\":\"https:\/\/quintadobomdespacho.com\/en\/home-2\/\"},{\"@type\":\"ListItem\",\"position\":2,\"name\":\"Ecoliving\",\"item\":\"https:\/\/quintadobomdespacho.com\/en\/ecoliving-2\/\"},{\"@type\":\"ListItem\",\"position\":3,\"name\":\"Ecoliving Guidelines\"}]},{\"@type\":\"WebSite\",\"@id\":\"https:\/\/quintadobomdespacho.com\/en\/#website\",\"url\":\"https:\/\/quintadobomdespacho.com\/en\/\",\"name\":\"Quinta do Bom Despacho\",\"description\":\"Sustainable Accommodation\",\"potentialAction\":[{\"@type\":\"SearchAction\",\"target\":{\"@type\":\"EntryPoint\",\"urlTemplate\":\"https:\/\/quintadobomdespacho.com\/en\/?s={search_term_string}\"},\"query-input\":{\"@type\":\"PropertyValueSpecification\",\"valueRequired\":true,\"valueName\":\"search_term_string\"}}],\"inLanguage\":\"en-US\"}]}<\/script>\n<!-- \/ Yoast SEO plugin. -->","yoast_head_json":{"title":"Termos e Condi\u00e7\u00f5es - Alojamento Ecol\u00f3gico - Quinta do Bom Despacho","description":"L\u00ea atentamente os Termos e Condi\u00e7\u00f5es Gerais de utiliza\u00e7\u00e3o do nosso website. Em caso de d\u00favida, n\u00e3o hesite em contactar-nos!","robots":{"index":"index","follow":"follow","max-snippet":"max-snippet:-1","max-image-preview":"max-image-preview:large","max-video-preview":"max-video-preview:-1"},"canonical":"https:\/\/quintadobomdespacho.com\/en\/ecoliving-2\/guidelines\/","og_locale":"en_US","og_type":"article","og_title":"Termos e Condi\u00e7\u00f5es - Alojamento Ecol\u00f3gico - Quinta do Bom Despacho","og_description":"L\u00ea atentamente os Termos e Condi\u00e7\u00f5es Gerais de utiliza\u00e7\u00e3o do nosso website. Em caso de d\u00favida, n\u00e3o hesite em contactar-nos!","og_url":"https:\/\/quintadobomdespacho.com\/en\/ecoliving-2\/guidelines\/","og_site_name":"Quinta do Bom Despacho","article_modified_time":"2024-10-03T17:27:35+00:00","twitter_card":"summary_large_image","twitter_misc":{"Est. reading time":"5 minutes"},"schema":{"@context":"https:\/\/schema.org","@graph":[{"@type":"WebPage","@id":"https:\/\/quintadobomdespacho.com\/en\/ecoliving-2\/guidelines\/","url":"https:\/\/quintadobomdespacho.com\/en\/ecoliving-2\/guidelines\/","name":"Termos e Condi\u00e7\u00f5es - Alojamento Ecol\u00f3gico - Quinta do Bom Despacho","isPartOf":{"@id":"https:\/\/quintadobomdespacho.com\/en\/#website"},"datePublished":"2023-10-16T08:49:24+00:00","dateModified":"2024-10-03T17:27:35+00:00","description":"L\u00ea atentamente os Termos e Condi\u00e7\u00f5es Gerais de utiliza\u00e7\u00e3o do nosso website. Em caso de d\u00favida, n\u00e3o hesite em contactar-nos!","breadcrumb":{"@id":"https:\/\/quintadobomdespacho.com\/en\/ecoliving-2\/guidelines\/#breadcrumb"},"inLanguage":"en-US","potentialAction":[{"@type":"ReadAction","target":["https:\/\/quintadobomdespacho.com\/en\/ecoliving-2\/guidelines\/"]}]},{"@type":"BreadcrumbList","@id":"https:\/\/quintadobomdespacho.com\/en\/ecoliving-2\/guidelines\/#breadcrumb","itemListElement":[{"@type":"ListItem","position":1,"name":"Home","item":"https:\/\/quintadobomdespacho.com\/en\/home-2\/"},{"@type":"ListItem","position":2,"name":"Ecoliving","item":"https:\/\/quintadobomdespacho.com\/en\/ecoliving-2\/"},{"@type":"ListItem","position":3,"name":"Ecoliving Guidelines"}]},{"@type":"WebSite","@id":"https:\/\/quintadobomdespacho.com\/en\/#website","url":"https:\/\/quintadobomdespacho.com\/en\/","name":"Quinta do Bom Despacho","description":"Sustainable Accommodation","potentialAction":[{"@type":"SearchAction","target":{"@type":"EntryPoint","urlTemplate":"https:\/\/quintadobomdespacho.com\/en\/?s={search_term_string}"},"query-input":{"@type":"PropertyValueSpecification","valueRequired":true,"valueName":"search_term_string"}}],"inLanguage":"en-US"}]}},"_links":{"self":[{"href":"https:\/\/quintadobomdespacho.com\/en\/wp-json\/wp\/v2\/pages\/3858","targetHints":{"allow":["GET"]}}],"collection":[{"href":"https:\/\/quintadobomdespacho.com\/en\/wp-json\/wp\/v2\/pages"}],"about":[{"href":"https:\/\/quintadobomdespacho.com\/en\/wp-json\/wp\/v2\/types\/page"}],"author":[{"embeddable":true,"href":"https:\/\/quintadobomdespacho.com\/en\/wp-json\/wp\/v2\/users\/1"}],"replies":[{"embeddable":true,"href":"https:\/\/quintadobomdespacho.com\/en\/wp-json\/wp\/v2\/comments?post=3858"}],"version-history":[{"count":21,"href":"https:\/\/quintadobomdespacho.com\/en\/wp-json\/wp\/v2\/pages\/3858\/revisions"}],"predecessor-version":[{"id":5739,"href":"https:\/\/quintadobomdespacho.com\/en\/wp-json\/wp\/v2\/pages\/3858\/revisions\/5739"}],"up":[{"embeddable":true,"href":"https:\/\/quintadobomdespacho.com\/en\/wp-json\/wp\/v2\/pages\/3852"}],"wp:attachment":[{"href":"https:\/\/quintadobomdespacho.com\/en\/wp-json\/wp\/v2\/media?parent=3858"}],"curies":[{"name":"wp","href":"https:\/\/api.w.org\/{rel}","templated":true}]}}