{"id":3839,"date":"2023-05-31T10:18:05","date_gmt":"2023-05-31T10:18:05","guid":{"rendered":"https:\/\/quintadobomdespacho.com\/politica-privacidade\/"},"modified":"2024-08-28T16:41:19","modified_gmt":"2024-08-28T16:41:19","slug":"politica-privacidade","status":"publish","type":"page","link":"https:\/\/quintadobomdespacho.com\/en\/politica-privacidade\/","title":{"rendered":"Pol\u00edtica de Privacidade"},"content":{"rendered":"<p>Para efeitos da presente Pol\u00edtica de Privacidade:<\/p>\n<ul>\n<li><strong>&#8220;Empresa&#8221;<\/strong>, referida como <strong>&#8220;a Empresa&#8221;, &#8220;N\u00f3s&#8221;, &#8220;Nos&#8221;, &#8220;Nosso&#8221; <\/strong>ou<strong> &#8220;Nossa&#8221;<\/strong>, refere-se \u00e0 Cadeira ao Norte, Lda., organiza\u00e7\u00e3o gestora da Quinta do Bom Despacho.<\/li>\n<li><strong>&#8220;Conte\u00fado&#8221;<\/strong> refere-se a qualquer conte\u00fado de frontend ou backend, tal como, mas n\u00e3o limitado a texto, imagens, v\u00eddeos, log\u00f3tipos, documentos, c\u00f3digo fonte ou qualquer outra informa\u00e7\u00e3o dispon\u00edvel para o Utilizador, independentemente da forma desse conte\u00fado.<\/li>\n<li><strong>&#8220;Dispositivo&#8221;<\/strong> refere-se a qualquer dispositivo que possa aceder aos Servi\u00e7os, como, por exemplo, um computador, um smartphone ou um tablet.<\/li>\n<li><strong>&#8220;Propriedade&#8221;<\/strong> refere-se ao terreno no qual a Casa est\u00e1 inserida, acess\u00edvel atrav\u00e9s do port\u00e3o verde principal localizado no lado noroeste ou atrav\u00e9s do port\u00e3o vermelho secund\u00e1rio localizado no lado sudeste.<\/li>\n<li><strong>&#8220;Servi\u00e7o&#8221;<\/strong> ou <strong>&#8220;Servi\u00e7os&#8221;<\/strong> refere-se a todos ou a qualquer um dos servi\u00e7os oferecidos pela Empresa, tais como, mas n\u00e3o limitados a: o site, alojamento, eventos ou visitas.<\/li>\n<li><strong>&#8220;Termos&#8221;<\/strong> refere-se \u00e0 presente Pol\u00edtica de Privacidade que constitui o acordo integral entre o Utilizador e a Empresa relativamente ao acesso e utiliza\u00e7\u00e3o do site.<\/li>\n<li><strong>&#8220;Servi\u00e7os de Reserva de Terceiros&#8221;<\/strong> refere-se a plataformas externas \u00e0 Empresa, como Booking.com, Airbnb ou Coliving.com, atrav\u00e9s das quais pode reservar um ou mais quartos, Metade ou a Casa Inteira podem servi\u00e7os ou conte\u00fados (incluindo dados, informa\u00e7\u00f5es, produtos ou servi\u00e7os) fornecidos por terceiros que podem ser exibidos, inclu\u00eddos ou disponibilizados pelo Servi\u00e7o.<\/li>\n<li><strong>&#8220;Utilizador&#8221;<\/strong> refere-se a qualquer pessoa que aceda e navegue no Website.<\/li>\n<li><strong>&#8220;Website&#8221;<\/strong> refere-se \u00e0 p\u00e1gina web da Quinta do Bom Despacho, acess\u00edvel a partir de <a href=\"https:\/\/quintadobomdespacho.com\/en\/\" target=\"_blank\" rel=\"noopener\">https:\/\/www.quintadobomdespacho.com<\/a><\/li>\n<li><strong>&#8220;Voc\u00ea&#8221;, &#8220;Seu&#8221;<\/strong> ou<strong> &#8220;Sua&#8221;<\/strong> refere-se a si pr\u00f3prio, como Utilizador ou como antigo, atual e\/ou potencial cliente da Empresa.<\/li>\n<\/ul>\n<p>&nbsp;<\/p>\n<p><strong>Introdu\u00e7\u00e3o<\/strong><\/p>\n<p>Quinta do Bom Despacho \u00e9 o nome comercial do alojamento local gerido pela Cadeira ao Norte, Lda., uma sociedade an\u00f3nima com sede na Rua do Lajedo n\u00ba 62, 9500-213 Ponta Delgada, S\u00e3o Miguel, A\u00e7ores, Portugal, registada com o n\u00famero de identifica\u00e7\u00e3o fiscal 513 285 156.<\/p>\n<p>Estes Termos regem o acesso e utiliza\u00e7\u00e3o do Website como um servi\u00e7o informativo fornecido por N\u00f3s. Para Servi\u00e7os espec\u00edficos com condi\u00e7\u00f5es particulares, estas prevalecem sobre estas Condi\u00e7\u00f5es, assim como quaisquer outras que sejam expressamente acordadas por escrito entre o Utilizador e a Empresa. Ao utilizar ou adquirir qualquer um dos nossos Servi\u00e7os, o Utilizador reconhece e aceita os Termos estabelecidos.<\/p>\n<p>&nbsp;<\/p>\n<p><strong>1. Utiliza\u00e7\u00e3o do Website<\/strong><\/p>\n<p>1.1. Ao utilizar o Website, o Utilizador concorda com os presentes termos. Se o Utilizador n\u00e3o concordar com os presentes termos, deve cessar imediatamente a utiliza\u00e7\u00e3o do Website.<\/p>\n<p>1.2. O nosso Website \u00e9 disponibilizado exclusivamente para acesso e utiliza\u00e7\u00e3o pessoal, para obter informa\u00e7\u00f5es sobre os servi\u00e7os que prestamos e para solicitar a presta\u00e7\u00e3o desses servi\u00e7os.<\/p>\n<p>1.3. A utiliza\u00e7\u00e3o do Website n\u00e3o est\u00e1 ligada a qualquer atividade comercial ou profissional do Utilizador. A viola\u00e7\u00e3o pelo Utilizador desta cl\u00e1usula ou de qualquer outra dos presentes Termos pode resultar na retirada da autoriza\u00e7\u00e3o de utiliza\u00e7\u00e3o e no subsequente exerc\u00edcio dos Nossos direitos ao abrigo da legisla\u00e7\u00e3o aplic\u00e1vel.<\/p>\n<p>1.4. O Utilizador compromete-se a indemnizar-nos e a isentar-nos, bem como aos nossos representantes legais, parceiros e funcion\u00e1rios, de quaisquer danos, responsabilidades, reclama\u00e7\u00f5es ou pedidos de indemniza\u00e7\u00e3o, incluindo despesas e custos de representa\u00e7\u00e3o, reclamados pelo Utilizador ou por terceiros em resultado de qualquer utiliza\u00e7\u00e3o do Website que n\u00e3o esteja em conformidade com os presentes Termos.<\/p>\n<p>1.5. Nos termos da lei e das presentes Condi\u00e7\u00f5es, o Utilizador n\u00e3o pode utilizar, copiar, transferir, alterar, adaptar, sublicenciar, tentar modificar ou alterar o c\u00f3digo fonte, efetuar opera\u00e7\u00f5es de engenharia inversa do conte\u00fado do Website, no todo ou em parte.<\/p>\n<p>1.6. Ao aceder ao Website, o Utilizador reconhece e aceita que o seu conte\u00fado pode estar incompleto, inexato, desatualizado ou que pode n\u00e3o corresponder \u00e0s suas necessidades e exig\u00eancias.<\/p>\n<p>1.7. Reservamo-Nos o direito de alterar ou atualizar, no todo ou em parte e sem aviso pr\u00e9vio, as presentes Condi\u00e7\u00f5es, bem como quaisquer outras que possam ser aplic\u00e1veis.<\/p>\n<p>1.8. Todas as altera\u00e7\u00f5es e\/ou atualiza\u00e7\u00f5es s\u00e3o vinculativas e entram em vigor assim que forem publicadas na sec\u00e7\u00e3o adequada do Website. Para obter a vers\u00e3o mais atualizada destes Termos, os Utilizadores s\u00e3o aconselhados a consultar regularmente as sec\u00e7\u00f5es dos Termos e Condi\u00e7\u00f5es e da Pol\u00edtica de Privacidade.<\/p>\n<p>&nbsp;<\/p>\n<p><strong>2. Acesso, interrup\u00e7\u00e3o e suspens\u00e3o do Wesbite<\/strong><\/p>\n<p>2.1. Fazemos os nossos melhores esfor\u00e7os para fornecer acesso cont\u00ednuo ao Website. No entanto, o acesso ao Website pode ocasionalmente ser limitado, suspenso ou interrompido.<\/p>\n<p>2.2. Para manuten\u00e7\u00e3o ou desenvolvimento de novas funcionalidades e\/ou servi\u00e7os, o acesso ao Website pode ser limitado de tempos a tempos.<\/p>\n<p>2.3. O acesso ao Website pode tamb\u00e9m ser interrompido em caso de &#8220;For\u00e7a Maior&#8221;, ou seja, qualquer causa que perturbe o seu funcionamento e que possa ter qualquer tipo de impacto no cumprimento das nossas obriga\u00e7\u00f5es. Estes casos podem resultar ou ser atribu\u00eddos a atos, eventos, omiss\u00f5es ou acidentes fora do nosso controlo razo\u00e1vel, tais como, mas n\u00e3o limitados a falhas de energia, software, hardware ou telecomunica\u00e7\u00f5es ou outras falhas de rede, tempestades, inunda\u00e7\u00f5es ou outras cat\u00e1strofes naturais ou qualquer legisla\u00e7\u00e3o, regulamento ou decis\u00e3o de um tribunal ou pa\u00eds.<\/p>\n<p>2.4. Independentemente do que possa estar na origem da interrup\u00e7\u00e3o ou suspens\u00e3o do acesso ao Website, faremos todos os esfor\u00e7os para restabelecer o acesso o mais rapidamente poss\u00edvel.<\/p>\n<p>2.5. A Nosso crit\u00e9rio, reservamo-nos o direito de remover e\/ou bloquear o acesso a qualquer conte\u00fado que possa ter originado a interrup\u00e7\u00e3o ou suspens\u00e3o tempor\u00e1ria do acesso ao Website ou que tenha o potencial de levar \u00e0 viola\u00e7\u00e3o destes Termos.<\/p>\n<p>&nbsp;<\/p>\n<p><strong>3. Hiperliga\u00e7\u00f5es para outros Websites<\/strong><\/p>\n<p>3.1. Sempre que o Website disponibiliza Hiperliga\u00e7\u00f5es para p\u00e1ginas externas e respetivos Conte\u00fados, tais como os de Servi\u00e7os de Reservas de Terceiros ou quaisquer outros, tais Hiperliga\u00e7\u00f5es s\u00e3o disponibilizadas para conveni\u00eancia do Utilizador e apenas para fins informativos.<\/p>\n<p>3.2. Declaramos n\u00e3o possuir nem controlar tais p\u00e1ginas web externas e, por conseguinte, declinamos qualquer responsabilidade por qualquer Conte\u00fado ou informa\u00e7\u00e3o que possa resultar em quaisquer danos ou perdas resultantes do acesso e utiliza\u00e7\u00e3o de p\u00e1ginas web externas.<\/p>\n<p>3.3. Ao aceder e utilizar qualquer p\u00e1gina web que n\u00e3o seja o nosso Website, o Utilizador reconhece que o faz por sua conta e risco, sendo respons\u00e1vel por consultar a informa\u00e7\u00e3o sobre os Termos e Condi\u00e7\u00f5es, Pol\u00edticas de Privacidade e recolha e utiliza\u00e7\u00e3o de Dados Pessoais das p\u00e1ginas web externas.<\/p>\n<p>&nbsp;<\/p>\n<p><strong>4. Direitos de propriedade intelectual<\/strong><\/p>\n<p>4.1. Todos os direitos s\u00e3o reservados. O acesso ao Website n\u00e3o confere ao Utilizador quaisquer direitos sobre os conte\u00fados disponibilizados por N\u00f3s.<\/p>\n<p>4.2. Ao utilizar o Website, o Utilizador compromete-se a n\u00e3o utilizar os Conte\u00fados para fins ilegais e a n\u00e3o violar os Nossos direitos.<\/p>\n<p>4.3. O Website e todos os seus conte\u00fados, incluindo, mas n\u00e3o se limitando a textos, fotografias, imagens, desenhos, clips de v\u00eddeo ou \u00e1udio ou materiais de marketing, tais como marcas, log\u00f3tipos, nomes de dom\u00ednio e quaisquer outros elementos que possam estar cobertos por direitos de propriedade (incluindo c\u00f3digos fonte) e\/ou outros tipos de direitos de propriedade intelectual s\u00e3o propriedade da Empresa ou propriedade de terceiros com os quais a Empresa tem uma rela\u00e7\u00e3o comercial formal estabelecida.<\/p>\n<p>4.4. \u00c9 expressamente proibida a utiliza\u00e7\u00e3o, duplica\u00e7\u00e3o, distribui\u00e7\u00e3o, transmiss\u00e3o ou qualquer outro ato abusivo relativamente ao Website ou a qualquer dos seus conte\u00fados n\u00e3o especificamente identificados, mas de natureza id\u00eantica.<\/p>\n<p>4.5. O Website e todos os seus conte\u00fados est\u00e3o protegidos contra a utiliza\u00e7\u00e3o, a c\u00f3pia ou a divulga\u00e7\u00e3o n\u00e3o autorizadas pelas leis nacionais e internacionais relativas aos direitos de propriedade intelectual.<\/p>\n<p>4.6. Nenhuma das disposi\u00e7\u00f5es das presentes Condi\u00e7\u00f5es e\/ou dos conte\u00fados do Website pode ser interpretada como implicitamente aceitando, concedendo ou, por qualquer meio, licenciando o direito de utilizar qualquer Conte\u00fado por qualquer meio, sem o consentimento pr\u00e9vio por escrito da Empresa ou de qualquer terceiro propriet\u00e1rio do Conte\u00fado ou dos direitos de propriedade intelectual publicados no Website.<\/p>\n<p>4.7. O Utilizador pode visualizar e exibir o Website e\/ou o Conte\u00fado em qualquer Dispositivo, armazenar esse Conte\u00fado em formato eletr\u00f3nico no disco (mas n\u00e3o num servidor ou num dispositivo de mem\u00f3ria ligado \u00e0 Internet) ou imprimir uma c\u00f3pia desse Conte\u00fado para utiliza\u00e7\u00e3o pessoal e n\u00e3o comercial, desde que todas as informa\u00e7\u00f5es relativas aos direitos de propriedade intelectual sejam retidas pelo Utilizador.<\/p>\n<p>&nbsp;<\/p>\n<p><strong>5. Prote\u00e7\u00e3o de dados pessoais<\/strong><\/p>\n<p>5.1. Ao utilizar o Website, o Utilizador reconhece e concorda com a recolha e utiliza\u00e7\u00e3o, total ou parcial, dos seus dados pessoais.<\/p>\n<p>5.2. A recolha e utiliza\u00e7\u00e3o dos dados pessoais do Utilizador est\u00e1 em conformidade com as disposi\u00e7\u00f5es e nos termos do Regulamento (UE) 2016\/679 do Parlamento Europeu e do Conselho, de 27 de abril de 2016, relativo ao tratamento de dados pessoais e \u00e0 livre circula\u00e7\u00e3o desses dados.<\/p>\n<p>5.3. Para uma melhor compreens\u00e3o da forma como os dados pessoais s\u00e3o recolhidos e utilizados, qualquer Utilizador do Website \u00e9 aconselhado a ler a Pol\u00edtica de Prote\u00e7\u00e3o de Dados e de Privacidade do Website, disponibilizada como parte do conte\u00fado do Website. Para mais informa\u00e7\u00f5es sobre a forma como recolhemos e utilizamos os dados pessoais, envie-nos um e-mail para <a href=\"mailto:info@quintadobomdespacho.com\">info@quintadobomdespacho.com<\/a>.<\/p>\n<p>&nbsp;<\/p>\n<p><strong>6. Aceita\u00e7\u00e3o do utilizador<\/strong><\/p>\n<p>6.1. Ao aceder e utilizar o Website, o Utilizador reconhece e aceita:<\/p>\n<p>6.2. Ter lido e compreendido as presentes Condi\u00e7\u00f5es.<\/p>\n<p>6.3. Abster-se de utilizar, direta ou indiretamente, no todo ou em parte, o Website e\/ou os Conte\u00fados para fins contr\u00e1rios aos presentes Termos ou quaisquer outros considerados ilegais.<\/p>\n<p>6.4. Abster-se de reproduzir, duplicar, copiar, vender, revender ou, por qualquer meio, explorar comercialmente o Website, os Conte\u00fados ou parte(s) dos mesmos.<\/p>\n<p>6.5. Abster-se de utilizar e\/ou reproduzir qualquer material que seja propriedade intelectual da Empresa.<\/p>\n<p>6.6. N\u00e3o utilizar, publicar ou disseminar qualquer informa\u00e7\u00e3o falsa, enganosa ou difamat\u00f3ria relativamente ao Website, \u00e0 Empresa.<\/p>\n<p>6.7. N\u00e3o espalhar quaisquer amea\u00e7as eletr\u00f3nicas, tais como, mas n\u00e3o limitadas a v\u00edrus, spyware, adware, rootkit, backdoor ou v\u00edrus Trojan.<\/p>\n<p>6.8. N\u00e3o utilizar qualquer software ou qualquer outro mecanismo, autom\u00e1tico ou manual, para aceder, copiar e\/ou controlar o Website ou os Conte\u00fados.<\/p>\n<p>&nbsp;<\/p>\n<p><strong>7. Diversos<\/strong><\/p>\n<p>7.1. As presentes Condi\u00e7\u00f5es s\u00e3o regidas pela lei portuguesa e interpretadas de acordo com a mesma.<\/p>\n<p>7.2. Na aus\u00eancia de acordo ou transa\u00e7\u00e3o negociada entre as partes, qualquer lit\u00edgio emergente das presentes Condi\u00e7\u00f5es ou com elas relacionado ser\u00e1 dirimido pelo Tribunal Judicial de Ponta Delgada, com expressa ren\u00fancia a quaisquer outros.<\/p>\n<p>7.3. Qualquer disposi\u00e7\u00e3o contida nos presentes Termos que se torne nula ser\u00e1 considerada n\u00e3o escrita, mantendo-se as restantes disposi\u00e7\u00f5es v\u00e1lidas e produzindo todos os seus efeitos.<\/p>\n<p>7.4. O Utilizador tem o direito de obter mais informa\u00e7\u00f5es sobre os Termos, mas tamb\u00e9m sobre a Empresa, o Website, o Conte\u00fado e\/ou os Servi\u00e7os. Para qualquer quest\u00e3o relacionada com estes, por favor contacte-nos atrav\u00e9s de <a href=\"mailto:info@quintadobomdespacho.com\">info@quintadobomdespacho.com<\/a>.<\/p>\n<p>&nbsp;<\/p>\n<p>\u00daltima atualiza\u00e7\u00e3o em junho de 2023<\/p>\n","protected":false},"excerpt":{"rendered":"<p>Para efeitos da presente Pol\u00edtica de Privacidade: &#8220;Empresa&#8221;, referida como &#8220;a Empresa&#8221;, &#8220;N\u00f3s&#8221;, &#8220;Nos&#8221;, &#8220;Nosso&#8221; ou &#8220;Nossa&#8221;, refere-se \u00e0 Cadeira ao Norte, Lda., organiza\u00e7\u00e3o gestora da Quinta do Bom Despacho. &#8220;Conte\u00fado&#8221; refere-se a qualquer conte\u00fado de frontend ou backend, tal como, mas n\u00e3o limitado a texto, imagens, v\u00eddeos, log\u00f3tipos, documentos, c\u00f3digo fonte ou qualquer outra [&hellip;]<\/p>\n","protected":false},"author":1,"featured_media":0,"parent":0,"menu_order":0,"comment_status":"closed","ping_status":"closed","template":"","meta":{"footnotes":""},"class_list":["post-3839","page","type-page","status-publish","hentry"],"acf":[],"yoast_head":"<!-- This site is optimized with the Yoast SEO plugin v27.1.1 - https:\/\/yoast.com\/product\/yoast-seo-wordpress\/ -->\n<title>Pol\u00edtica de Privacidade - Alojamento Ecol\u00f3gico - Quinta do Bom Despacho<\/title>\n<meta name=\"description\" content=\"Na Quinta do Bom Despacho preocupamo-nos com a tua privacidade. Por favor, l\u00ea a nossa pol\u00edtica de privacidade com a devida aten\u00e7\u00e3o.\" \/>\n<meta name=\"robots\" content=\"index, follow, max-snippet:-1, max-image-preview:large, max-video-preview:-1\" \/>\n<link rel=\"canonical\" href=\"https:\/\/quintadobomdespacho.com\/en\/politica-privacidade\/\" \/>\n<meta property=\"og:locale\" content=\"en_US\" \/>\n<meta property=\"og:type\" content=\"article\" \/>\n<meta property=\"og:title\" content=\"Pol\u00edtica de Privacidade - Alojamento Ecol\u00f3gico - Quinta do Bom Despacho\" \/>\n<meta property=\"og:description\" content=\"Na Quinta do Bom Despacho preocupamo-nos com a tua privacidade. Por favor, l\u00ea a nossa pol\u00edtica de privacidade com a devida aten\u00e7\u00e3o.\" \/>\n<meta property=\"og:url\" content=\"https:\/\/quintadobomdespacho.com\/en\/politica-privacidade\/\" \/>\n<meta property=\"og:site_name\" content=\"Quinta do Bom Despacho\" \/>\n<meta property=\"article:modified_time\" content=\"2024-08-28T16:41:19+00:00\" \/>\n<meta name=\"twitter:card\" content=\"summary_large_image\" \/>\n<meta name=\"twitter:label1\" content=\"Est. reading time\" \/>\n\t<meta name=\"twitter:data1\" content=\"10 minutes\" \/>\n<script type=\"application\/ld+json\" class=\"yoast-schema-graph\">{\"@context\":\"https:\/\/schema.org\",\"@graph\":[{\"@type\":\"WebPage\",\"@id\":\"https:\/\/quintadobomdespacho.com\/en\/politica-privacidade\/\",\"url\":\"https:\/\/quintadobomdespacho.com\/en\/politica-privacidade\/\",\"name\":\"Pol\u00edtica de Privacidade - Alojamento Ecol\u00f3gico - Quinta do Bom Despacho\",\"isPartOf\":{\"@id\":\"https:\/\/quintadobomdespacho.com\/en\/#website\"},\"datePublished\":\"2023-05-31T10:18:05+00:00\",\"dateModified\":\"2024-08-28T16:41:19+00:00\",\"description\":\"Na Quinta do Bom Despacho preocupamo-nos com a tua privacidade. Por favor, l\u00ea a nossa pol\u00edtica de privacidade com a devida aten\u00e7\u00e3o.\",\"breadcrumb\":{\"@id\":\"https:\/\/quintadobomdespacho.com\/en\/politica-privacidade\/#breadcrumb\"},\"inLanguage\":\"en-US\",\"potentialAction\":[{\"@type\":\"ReadAction\",\"target\":[\"https:\/\/quintadobomdespacho.com\/en\/politica-privacidade\/\"]}]},{\"@type\":\"BreadcrumbList\",\"@id\":\"https:\/\/quintadobomdespacho.com\/en\/politica-privacidade\/#breadcrumb\",\"itemListElement\":[{\"@type\":\"ListItem\",\"position\":1,\"name\":\"Home\",\"item\":\"https:\/\/quintadobomdespacho.com\/en\/home-2\/\"},{\"@type\":\"ListItem\",\"position\":2,\"name\":\"Pol\u00edtica de Privacidade\"}]},{\"@type\":\"WebSite\",\"@id\":\"https:\/\/quintadobomdespacho.com\/en\/#website\",\"url\":\"https:\/\/quintadobomdespacho.com\/en\/\",\"name\":\"Quinta do Bom Despacho\",\"description\":\"Sustainable Accommodation\",\"potentialAction\":[{\"@type\":\"SearchAction\",\"target\":{\"@type\":\"EntryPoint\",\"urlTemplate\":\"https:\/\/quintadobomdespacho.com\/en\/?s={search_term_string}\"},\"query-input\":{\"@type\":\"PropertyValueSpecification\",\"valueRequired\":true,\"valueName\":\"search_term_string\"}}],\"inLanguage\":\"en-US\"}]}<\/script>\n<!-- \/ Yoast SEO plugin. -->","yoast_head_json":{"title":"Pol\u00edtica de Privacidade - Alojamento Ecol\u00f3gico - Quinta do Bom Despacho","description":"Na Quinta do Bom Despacho preocupamo-nos com a tua privacidade. Por favor, l\u00ea a nossa pol\u00edtica de privacidade com a devida aten\u00e7\u00e3o.","robots":{"index":"index","follow":"follow","max-snippet":"max-snippet:-1","max-image-preview":"max-image-preview:large","max-video-preview":"max-video-preview:-1"},"canonical":"https:\/\/quintadobomdespacho.com\/en\/politica-privacidade\/","og_locale":"en_US","og_type":"article","og_title":"Pol\u00edtica de Privacidade - Alojamento Ecol\u00f3gico - Quinta do Bom Despacho","og_description":"Na Quinta do Bom Despacho preocupamo-nos com a tua privacidade. Por favor, l\u00ea a nossa pol\u00edtica de privacidade com a devida aten\u00e7\u00e3o.","og_url":"https:\/\/quintadobomdespacho.com\/en\/politica-privacidade\/","og_site_name":"Quinta do Bom Despacho","article_modified_time":"2024-08-28T16:41:19+00:00","twitter_card":"summary_large_image","twitter_misc":{"Est. reading time":"10 minutes"},"schema":{"@context":"https:\/\/schema.org","@graph":[{"@type":"WebPage","@id":"https:\/\/quintadobomdespacho.com\/en\/politica-privacidade\/","url":"https:\/\/quintadobomdespacho.com\/en\/politica-privacidade\/","name":"Pol\u00edtica de Privacidade - Alojamento Ecol\u00f3gico - Quinta do Bom Despacho","isPartOf":{"@id":"https:\/\/quintadobomdespacho.com\/en\/#website"},"datePublished":"2023-05-31T10:18:05+00:00","dateModified":"2024-08-28T16:41:19+00:00","description":"Na Quinta do Bom Despacho preocupamo-nos com a tua privacidade. Por favor, l\u00ea a nossa pol\u00edtica de privacidade com a devida aten\u00e7\u00e3o.","breadcrumb":{"@id":"https:\/\/quintadobomdespacho.com\/en\/politica-privacidade\/#breadcrumb"},"inLanguage":"en-US","potentialAction":[{"@type":"ReadAction","target":["https:\/\/quintadobomdespacho.com\/en\/politica-privacidade\/"]}]},{"@type":"BreadcrumbList","@id":"https:\/\/quintadobomdespacho.com\/en\/politica-privacidade\/#breadcrumb","itemListElement":[{"@type":"ListItem","position":1,"name":"Home","item":"https:\/\/quintadobomdespacho.com\/en\/home-2\/"},{"@type":"ListItem","position":2,"name":"Pol\u00edtica de Privacidade"}]},{"@type":"WebSite","@id":"https:\/\/quintadobomdespacho.com\/en\/#website","url":"https:\/\/quintadobomdespacho.com\/en\/","name":"Quinta do Bom Despacho","description":"Sustainable Accommodation","potentialAction":[{"@type":"SearchAction","target":{"@type":"EntryPoint","urlTemplate":"https:\/\/quintadobomdespacho.com\/en\/?s={search_term_string}"},"query-input":{"@type":"PropertyValueSpecification","valueRequired":true,"valueName":"search_term_string"}}],"inLanguage":"en-US"}]}},"_links":{"self":[{"href":"https:\/\/quintadobomdespacho.com\/en\/wp-json\/wp\/v2\/pages\/3839","targetHints":{"allow":["GET"]}}],"collection":[{"href":"https:\/\/quintadobomdespacho.com\/en\/wp-json\/wp\/v2\/pages"}],"about":[{"href":"https:\/\/quintadobomdespacho.com\/en\/wp-json\/wp\/v2\/types\/page"}],"author":[{"embeddable":true,"href":"https:\/\/quintadobomdespacho.com\/en\/wp-json\/wp\/v2\/users\/1"}],"replies":[{"embeddable":true,"href":"https:\/\/quintadobomdespacho.com\/en\/wp-json\/wp\/v2\/comments?post=3839"}],"version-history":[{"count":4,"href":"https:\/\/quintadobomdespacho.com\/en\/wp-json\/wp\/v2\/pages\/3839\/revisions"}],"predecessor-version":[{"id":5590,"href":"https:\/\/quintadobomdespacho.com\/en\/wp-json\/wp\/v2\/pages\/3839\/revisions\/5590"}],"wp:attachment":[{"href":"https:\/\/quintadobomdespacho.com\/en\/wp-json\/wp\/v2\/media?parent=3839"}],"curies":[{"name":"wp","href":"https:\/\/api.w.org\/{rel}","templated":true}]}}